{"id":17,"date":"2024-01-12T14:23:44","date_gmt":"2024-01-12T14:23:44","guid":{"rendered":"https:\/\/cedom-madoc.be\/?page_id=17"},"modified":"2024-02-19T08:29:28","modified_gmt":"2024-02-19T08:29:28","slug":"library","status":"publish","type":"page","link":"https:\/\/cedom-madoc.be\/en\/library\/","title":{"rendered":"Library"},"content":{"rendered":"<section id=\"block-intro-block_eef67284011a7dc29ed25d093c82e06b\" class=\"block-intro\"><div class=content-wrapper><div class=intro><p>The library of CEDOM comprises approximately 11,000 books on Masonic subjects, including about a thousand precious copies dating from the 18th and 19th centuries. CEDOM also has a collection of Masonic journals. In total, around sixty journals are collected, with about twenty still under subscription.<\/p>\n<\/div><\/div><\/section>\n\n\n<h2 class=\"wp-block-heading\">Reference Works<\/h2>\n\n\n\n<p>Several publications in our collection that are considered standard works on the history of Freemasonry in Belgium can be downloaded directly from our site:<br><br><br><em>Auguste de Wargny, Annales chronologiques, litt\u00e9raires et historiques de la Ma\u00e7onnerie des Pays-Bas, 6 vols., 1822-1829.<\/em><\/p>\n\n\n\n<p>Auguste de Wargny was a member of the Brussels lodge &#8216;L&#8217;Esp\u00e9rance&#8217; between 1814 and 1830, where he held various officer positions. His main work is these annals, consisting of six volumes, published between 1822 and 1829. Together, they are one of the main sources for the history of Freemasonry in our regions during the United Kingdom of the Netherlands period.<\/p>\n\n\n\n<div class=\"wp-block-buttons is-layout-flex wp-block-buttons-is-layout-flex\">\n<div class=\"wp-block-button small\"><a class=\"wp-block-button__link wp-element-button\" href=\"https:\/\/cedom-madoc.be\/wp-content\/uploads\/2024\/02\/WARGNY-Annales-Chronologiques-de-la-maconnerie-Tome-1-AD.pdf\" target=\"_blank\" rel=\"noreferrer noopener\">Download Vol.1<\/a><\/div>\n\n\n\n<div class=\"wp-block-button small\"><a class=\"wp-block-button__link wp-element-button\" href=\"https:\/\/cedom-madoc.be\/wp-content\/uploads\/2024\/02\/WARGNY-Annales-Chronologiques-de-la-maconnerie-Tome-2-AD.pdf\" target=\"_blank\" rel=\"noreferrer noopener\">Download Vol.2<\/a><\/div>\n\n\n\n<div class=\"wp-block-button small\"><a class=\"wp-block-button__link wp-element-button\" href=\"https:\/\/cedom-madoc.be\/wp-content\/uploads\/2024\/02\/WARGNY-Annales-Chronologiques-de-la-maconnerie-Tome-3-AD.pdf\" target=\"_blank\" rel=\"noreferrer noopener\">Download Vol.3<\/a><\/div>\n\n\n\n<div class=\"wp-block-button small\"><a class=\"wp-block-button__link wp-element-button\" href=\"https:\/\/cedom-madoc.be\/wp-content\/uploads\/2024\/02\/WARGNY-Annales-Chronologiques-de-la-maconnerie-Tome-4-AD.pdf\" target=\"_blank\" rel=\"noreferrer noopener\">Download Vol.4<\/a><\/div>\n\n\n\n<div class=\"wp-block-button small\"><a class=\"wp-block-button__link wp-element-button\" href=\"https:\/\/cedom-madoc.be\/wp-content\/uploads\/2024\/02\/WARGNY-Annales-Chronologiques-de-la-maconnerie-Tome-5-AD.pdf\" target=\"_blank\" rel=\"noreferrer noopener\">Download Vol.5<\/a><\/div>\n\n\n\n<div class=\"wp-block-button small\"><a class=\"wp-block-button__link wp-element-button\" href=\"https:\/\/cedom-madoc.be\/wp-content\/uploads\/2024\/02\/WARGNY-Annales-Chronologiques-de-la-maconnerie-Tome-6-AD.pdf\" target=\"_blank\" rel=\"noreferrer noopener\">Download Vol.6<\/a><\/div>\n<\/div>\n\n\n\n<p><em>La Belgique Ma\u00e7onnique, Brussels, 1887<\/em><\/p>\n\n\n\n<p>This anonymous publication contains a list of Freemasons initiated between 1830 and 1886. All names are alphabetically arranged and, where possible, accompanied by information about the profession and address of the individuals involved.<\/p>\n\n\n\n<div class=\"wp-block-buttons is-layout-flex wp-block-buttons-is-layout-flex\">\n<div class=\"wp-block-button small\"><a class=\"wp-block-button__link wp-element-button\" href=\"https:\/\/cedom-madoc.be\/wp-content\/uploads\/2024\/02\/La-Belgique-Maconnique.pdf\" target=\"_blank\" rel=\"noreferrer noopener\">Download La Belgique Ma\u00e7onnique<\/a><\/div>\n<\/div>\n\n\n\n<p><em>Histoire de L\u2019Ordre Ma\u00e7onnique en Belgique, Mons, 1854<\/em><\/p>\n\n\n\n<p>Cordier was a member of the Lodge &#8216;La Parfaite Union&#8217; in Mons (Bergen). The first part of the book delves into the often mythological origins of Freemasonry, while the second part provides an overview of the history of Freemasonry in our regions during the eighteenth century. The last part reproduces membership lists of some eighteenth-century lodges in Brussels, Luxembourg, Antwerp, Ghent, Ostend, and Bergen, etc.<\/p>\n\n\n\n<div class=\"wp-block-buttons is-layout-flex wp-block-buttons-is-layout-flex\">\n<div class=\"wp-block-button small\"><a class=\"wp-block-button__link wp-element-button\" href=\"https:\/\/cedom-madoc.be\/wp-content\/uploads\/2024\/02\/Cordier-A-Histoire-de-lordre-maconnique-en-Belgique.pdf\" target=\"_blank\" rel=\"noreferrer noopener\">Download Histoire de L&#8217;ordre ma\u00e7onnique en Belgique<\/a><\/div>\n<\/div>\n\n\n\n<p><em>Marcel De Schampheleire, Geschiedenis van de Belgische Vrijmetselarij sinds 1830, Brussels, 1987<\/em><\/p>\n\n\n\n<p>Marcel De Schampheleire published, in 1987 at the behest of the Grand Orient of Belgium, a historical work on the history of this organization. The book covers the history of the Grand Orient of Belgium from 1833. The study consists of three parts and was published in two languages.<\/p>\n\n\n\n<div class=\"wp-block-buttons is-layout-flex wp-block-buttons-is-layout-flex\">\n<div class=\"wp-block-button small\"><a class=\"wp-block-button__link wp-element-button\" href=\"https:\/\/cedom-madoc.be\/wp-content\/uploads\/2024\/01\/De_Schampheleire_-_Tome_1_1830-1914.pdf\" target=\"_blank\" rel=\"noreferrer noopener\">Download Geschiedenis van de Belgische Vrijmetselarij<\/a><\/div>\n<\/div>\n\n\n<section id=\"internal-navigation-block_27ead427a0565e40c52a1311acea629e\" class=\"internal-navigation\"><h4>See more<\/h4><div class=nav-bg style=\"background-image:url(https:\/\/cedom-madoc.be\/wp-content\/uploads\/2024\/01\/Foto-leeszaal-1.jpeg);\"><\/div><nav class=content-wrapper><ul class=links><li class=\"count-2\"><a class=\"button block cut-corners cut-1\" href=\"https:\/\/www.udesk-cedom.eu\/ucat\/main\/eng\" title=\"Catalogue\" target=\"_blank\">Catalogue<\/a><\/li><li class=\"count-2\"><a class=\"button block cut-corners cut-1\" href=\"https:\/\/cedom-madoc.be\/news\/\" title=\"News\" target=\"\">News<\/a><\/li><\/ul><\/nav><\/section>","protected":false},"excerpt":{"rendered":"<p>Reference Works Several publications in our collection that are considered standard works on the history of Freemasonry in Belgium can be downloaded directly from our site: Auguste de Wargny, Annales chronologiques, litt\u00e9raires et historiques de la Ma\u00e7onnerie des Pays-Bas, 6 vols., 1822-1829. Auguste de Wargny was a member of the Brussels lodge &#8216;L&#8217;Esp\u00e9rance&#8217; between 1814 [&hellip;]<\/p>\n","protected":false},"author":1,"featured_media":100,"parent":0,"menu_order":0,"comment_status":"closed","ping_status":"closed","template":"","meta":{"_acf_changed":false,"footnotes":""},"acf":[],"yoast_head":"<!-- This site is optimized with the Yoast SEO plugin v24.5 - https:\/\/yoast.com\/wordpress\/plugins\/seo\/ -->\n<title>Library - Cedom Madoc<\/title>\n<meta name=\"robots\" content=\"index, follow, max-snippet:-1, max-image-preview:large, max-video-preview:-1\" \/>\n<link rel=\"canonical\" href=\"https:\/\/cedom-madoc.be\/en\/library\/\" \/>\n<meta property=\"og:locale\" content=\"en_US\" \/>\n<meta property=\"og:type\" content=\"article\" \/>\n<meta property=\"og:title\" content=\"Library - Cedom Madoc\" \/>\n<meta property=\"og:description\" content=\"Reference Works Several publications in our collection that are considered standard works on the history of Freemasonry in Belgium can be downloaded directly from our site: Auguste de Wargny, Annales chronologiques, litt\u00e9raires et historiques de la Ma\u00e7onnerie des Pays-Bas, 6 vols., 1822-1829. Auguste de Wargny was a member of the Brussels lodge &#8216;L&#8217;Esp\u00e9rance&#8217; between 1814 [&hellip;]\" \/>\n<meta property=\"og:url\" content=\"https:\/\/cedom-madoc.be\/en\/library\/\" \/>\n<meta property=\"og:site_name\" content=\"Cedom Madoc\" \/>\n<meta property=\"article:modified_time\" content=\"2024-02-19T08:29:28+00:00\" \/>\n<meta property=\"og:image\" content=\"https:\/\/cedom-madoc.be\/wp-content\/uploads\/2024\/01\/04-12-2023-21-2000.jpg\" \/>\n\t<meta property=\"og:image:width\" content=\"2000\" \/>\n\t<meta property=\"og:image:height\" content=\"1333\" \/>\n\t<meta property=\"og:image:type\" content=\"image\/jpeg\" \/>\n<meta name=\"twitter:card\" content=\"summary_large_image\" \/>\n<meta name=\"twitter:label1\" content=\"Est. reading time\" \/>\n\t<meta name=\"twitter:data1\" content=\"2 minutes\" \/>\n<script type=\"application\/ld+json\" class=\"yoast-schema-graph\">{\"@context\":\"https:\/\/schema.org\",\"@graph\":[{\"@type\":\"WebPage\",\"@id\":\"https:\/\/cedom-madoc.be\/en\/library\/\",\"url\":\"https:\/\/cedom-madoc.be\/en\/library\/\",\"name\":\"Library - Cedom Madoc\",\"isPartOf\":{\"@id\":\"https:\/\/cedom-madoc.be\/en\/#website\"},\"primaryImageOfPage\":{\"@id\":\"https:\/\/cedom-madoc.be\/en\/library\/#primaryimage\"},\"image\":{\"@id\":\"https:\/\/cedom-madoc.be\/en\/library\/#primaryimage\"},\"thumbnailUrl\":\"https:\/\/cedom-madoc.be\/wp-content\/uploads\/2024\/01\/04-12-2023-21-2000.jpg\",\"datePublished\":\"2024-01-12T14:23:44+00:00\",\"dateModified\":\"2024-02-19T08:29:28+00:00\",\"breadcrumb\":{\"@id\":\"https:\/\/cedom-madoc.be\/en\/library\/#breadcrumb\"},\"inLanguage\":\"en-US\",\"potentialAction\":[{\"@type\":\"ReadAction\",\"target\":[\"https:\/\/cedom-madoc.be\/en\/library\/\"]}]},{\"@type\":\"ImageObject\",\"inLanguage\":\"en-US\",\"@id\":\"https:\/\/cedom-madoc.be\/en\/library\/#primaryimage\",\"url\":\"https:\/\/cedom-madoc.be\/wp-content\/uploads\/2024\/01\/04-12-2023-21-2000.jpg\",\"contentUrl\":\"https:\/\/cedom-madoc.be\/wp-content\/uploads\/2024\/01\/04-12-2023-21-2000.jpg\",\"width\":2000,\"height\":1333},{\"@type\":\"BreadcrumbList\",\"@id\":\"https:\/\/cedom-madoc.be\/en\/library\/#breadcrumb\",\"itemListElement\":[{\"@type\":\"ListItem\",\"position\":1,\"name\":\"Cedom-Madoc\",\"item\":\"https:\/\/cedom-madoc.be\/en\/\"},{\"@type\":\"ListItem\",\"position\":2,\"name\":\"Library\"}]},{\"@type\":\"WebSite\",\"@id\":\"https:\/\/cedom-madoc.be\/en\/#website\",\"url\":\"https:\/\/cedom-madoc.be\/en\/\",\"name\":\"Cedom Madoc\",\"description\":\"\",\"publisher\":{\"@id\":\"https:\/\/cedom-madoc.be\/en\/#organization\"},\"potentialAction\":[{\"@type\":\"SearchAction\",\"target\":{\"@type\":\"EntryPoint\",\"urlTemplate\":\"https:\/\/cedom-madoc.be\/en\/?s={search_term_string}\"},\"query-input\":{\"@type\":\"PropertyValueSpecification\",\"valueRequired\":true,\"valueName\":\"search_term_string\"}}],\"inLanguage\":\"en-US\"},{\"@type\":\"Organization\",\"@id\":\"https:\/\/cedom-madoc.be\/en\/#organization\",\"name\":\"Cedom Madoc\",\"url\":\"https:\/\/cedom-madoc.be\/en\/\",\"logo\":{\"@type\":\"ImageObject\",\"inLanguage\":\"en-US\",\"@id\":\"https:\/\/cedom-madoc.be\/en\/#\/schema\/logo\/image\/\",\"url\":\"https:\/\/cedom-madoc.be\/wp-content\/uploads\/2024\/01\/logo-cedom-text-nb.svg\",\"contentUrl\":\"https:\/\/cedom-madoc.be\/wp-content\/uploads\/2024\/01\/logo-cedom-text-nb.svg\",\"caption\":\"Cedom Madoc\"},\"image\":{\"@id\":\"https:\/\/cedom-madoc.be\/en\/#\/schema\/logo\/image\/\"}}]}<\/script>\n<!-- \/ Yoast SEO plugin. -->","yoast_head_json":{"title":"Library - Cedom Madoc","robots":{"index":"index","follow":"follow","max-snippet":"max-snippet:-1","max-image-preview":"max-image-preview:large","max-video-preview":"max-video-preview:-1"},"canonical":"https:\/\/cedom-madoc.be\/en\/library\/","og_locale":"en_US","og_type":"article","og_title":"Library - Cedom Madoc","og_description":"Reference Works Several publications in our collection that are considered standard works on the history of Freemasonry in Belgium can be downloaded directly from our site: Auguste de Wargny, Annales chronologiques, litt\u00e9raires et historiques de la Ma\u00e7onnerie des Pays-Bas, 6 vols., 1822-1829. Auguste de Wargny was a member of the Brussels lodge &#8216;L&#8217;Esp\u00e9rance&#8217; between 1814 [&hellip;]","og_url":"https:\/\/cedom-madoc.be\/en\/library\/","og_site_name":"Cedom Madoc","article_modified_time":"2024-02-19T08:29:28+00:00","og_image":[{"width":2000,"height":1333,"url":"https:\/\/cedom-madoc.be\/wp-content\/uploads\/2024\/01\/04-12-2023-21-2000.jpg","type":"image\/jpeg"}],"twitter_card":"summary_large_image","twitter_misc":{"Est. reading time":"2 minutes"},"schema":{"@context":"https:\/\/schema.org","@graph":[{"@type":"WebPage","@id":"https:\/\/cedom-madoc.be\/en\/library\/","url":"https:\/\/cedom-madoc.be\/en\/library\/","name":"Library - Cedom Madoc","isPartOf":{"@id":"https:\/\/cedom-madoc.be\/en\/#website"},"primaryImageOfPage":{"@id":"https:\/\/cedom-madoc.be\/en\/library\/#primaryimage"},"image":{"@id":"https:\/\/cedom-madoc.be\/en\/library\/#primaryimage"},"thumbnailUrl":"https:\/\/cedom-madoc.be\/wp-content\/uploads\/2024\/01\/04-12-2023-21-2000.jpg","datePublished":"2024-01-12T14:23:44+00:00","dateModified":"2024-02-19T08:29:28+00:00","breadcrumb":{"@id":"https:\/\/cedom-madoc.be\/en\/library\/#breadcrumb"},"inLanguage":"en-US","potentialAction":[{"@type":"ReadAction","target":["https:\/\/cedom-madoc.be\/en\/library\/"]}]},{"@type":"ImageObject","inLanguage":"en-US","@id":"https:\/\/cedom-madoc.be\/en\/library\/#primaryimage","url":"https:\/\/cedom-madoc.be\/wp-content\/uploads\/2024\/01\/04-12-2023-21-2000.jpg","contentUrl":"https:\/\/cedom-madoc.be\/wp-content\/uploads\/2024\/01\/04-12-2023-21-2000.jpg","width":2000,"height":1333},{"@type":"BreadcrumbList","@id":"https:\/\/cedom-madoc.be\/en\/library\/#breadcrumb","itemListElement":[{"@type":"ListItem","position":1,"name":"Cedom-Madoc","item":"https:\/\/cedom-madoc.be\/en\/"},{"@type":"ListItem","position":2,"name":"Library"}]},{"@type":"WebSite","@id":"https:\/\/cedom-madoc.be\/en\/#website","url":"https:\/\/cedom-madoc.be\/en\/","name":"Cedom Madoc","description":"","publisher":{"@id":"https:\/\/cedom-madoc.be\/en\/#organization"},"potentialAction":[{"@type":"SearchAction","target":{"@type":"EntryPoint","urlTemplate":"https:\/\/cedom-madoc.be\/en\/?s={search_term_string}"},"query-input":{"@type":"PropertyValueSpecification","valueRequired":true,"valueName":"search_term_string"}}],"inLanguage":"en-US"},{"@type":"Organization","@id":"https:\/\/cedom-madoc.be\/en\/#organization","name":"Cedom Madoc","url":"https:\/\/cedom-madoc.be\/en\/","logo":{"@type":"ImageObject","inLanguage":"en-US","@id":"https:\/\/cedom-madoc.be\/en\/#\/schema\/logo\/image\/","url":"https:\/\/cedom-madoc.be\/wp-content\/uploads\/2024\/01\/logo-cedom-text-nb.svg","contentUrl":"https:\/\/cedom-madoc.be\/wp-content\/uploads\/2024\/01\/logo-cedom-text-nb.svg","caption":"Cedom Madoc"},"image":{"@id":"https:\/\/cedom-madoc.be\/en\/#\/schema\/logo\/image\/"}}]}},"_links":{"self":[{"href":"https:\/\/cedom-madoc.be\/en\/wp-json\/wp\/v2\/pages\/17"}],"collection":[{"href":"https:\/\/cedom-madoc.be\/en\/wp-json\/wp\/v2\/pages"}],"about":[{"href":"https:\/\/cedom-madoc.be\/en\/wp-json\/wp\/v2\/types\/page"}],"author":[{"embeddable":true,"href":"https:\/\/cedom-madoc.be\/en\/wp-json\/wp\/v2\/users\/1"}],"replies":[{"embeddable":true,"href":"https:\/\/cedom-madoc.be\/en\/wp-json\/wp\/v2\/comments?post=17"}],"version-history":[{"count":38,"href":"https:\/\/cedom-madoc.be\/en\/wp-json\/wp\/v2\/pages\/17\/revisions"}],"predecessor-version":[{"id":792,"href":"https:\/\/cedom-madoc.be\/en\/wp-json\/wp\/v2\/pages\/17\/revisions\/792"}],"wp:featuredmedia":[{"embeddable":true,"href":"https:\/\/cedom-madoc.be\/en\/wp-json\/wp\/v2\/media\/100"}],"wp:attachment":[{"href":"https:\/\/cedom-madoc.be\/en\/wp-json\/wp\/v2\/media?parent=17"}],"curies":[{"name":"wp","href":"https:\/\/api.w.org\/{rel}","templated":true}]}}