{"id":193,"date":"2024-01-12T14:23:12","date_gmt":"2024-01-12T14:23:12","guid":{"rendered":"https:\/\/cedom-madoc.be\/about\/"},"modified":"2024-04-10T07:51:42","modified_gmt":"2024-04-10T07:51:42","slug":"a-propos","status":"publish","type":"page","link":"https:\/\/cedom-madoc.be\/fr\/a-propos\/","title":{"rendered":"\u00c0 propos"},"content":{"rendered":"\n<h2 class=\"wp-block-heading\">Qui sommes-nous?<\/h2>\n\n\n\n<div class=\"wp-block-group\"><div class=\"wp-block-group__inner-container is-layout-constrained wp-block-group-is-layout-constrained\">\n<p>Le CEDOM est le Centre d\u2019Etude et de Documentation de la franc-ma\u00e7onnerie belge.<\/p>\n\n\n\n<p>Le CEDOM se compose de:<\/p>\n\n\n\n<p>&#8211; Une biblioth\u00e8que avec salle de lecture contenant 11 000 livres sur la franc-ma\u00e7onnerie.<\/p>\n\n\n\n<p>&#8211; Une collection de revues ma\u00e7onniques comprenant plus de 25 000 articles.<\/p>\n\n\n\n<p>&#8211; Un fonds d\u2019archives historiques remontant au XVIIIe si\u00e8cle.<\/p>\n\n\n\n<p>&#8211; Un centre d\u2019\u00e9tude qui publie et organise des activit\u00e9s sur l\u2019histoire de la franc-ma\u00e7onnerie en Belgique.<\/p>\n\n\n\n<p>Le CEDOM est ouvert \u00e0 tous: aux francs-ma\u00e7ons de toutes ob\u00e9diences, aux chercheurs, aux scientifiques et \u00e0 toute personne souhaitant approfondir ses connaissances sur le sujet. Le financement du CEDOM provient du Grand Orient de Belgique et de la F\u00e9d\u00e9ration Wallonie-Bruxelles.<\/p>\n<\/div><\/div>\n\n\n\n<h2 class=\"wp-block-heading\">Quelle est notre mission?<\/h2>\n\n\n\n<p>Le CEDOM aspire \u00e0 demeurer le principal point de r\u00e9f\u00e9rence pour l\u2019histoire de la franc-ma\u00e7onnerie en Belgique.<br>Cette mission s\u2019accomplit :<br>&#8211; En constituant une collection actualis\u00e9e de livres et de revues sur la franc-ma\u00e7onnerie, en tant que biblioth\u00e8que.<br>&#8211; En veillant, en tant que centre d\u2019archives, \u00e0 la localisation, la collecte, la conservation professionnelle et la mise \u00e0 disposition des archives ma\u00e7onniques.<br>&#8211; En communiquant, en tant que centre d\u2019\u00e9tude, avec la communaut\u00e9 ma\u00e7onnique et le grand public \u00e0 travers des publications et des activit\u00e9s publiques.<\/p>\n\n\n\n<h2 class=\"wp-block-heading\">Quelle est notre vision?<\/h2>\n\n\n\n<p>La franc-ma\u00e7onnerie a jou\u00e9 un r\u00f4le important dans l\u2019histoire sociale, politique et culturelle de la Belgique. Ce r\u00f4le doit \u00eatre \u00e9tudi\u00e9 de mani\u00e8re objective, syst\u00e9matique et scientifique. Le CEDOM localise, collecte, conserve et rend accessible toutes les formes de documentation \u00e9clairant l\u2019histoire de la franc-ma\u00e7onnerie, en particulier celle de la franc-ma\u00e7onnerie en Belgique.<br>La franc-ma\u00e7onnerie belge m\u00e9rite \u00e9galement que son patrimoine soit collect\u00e9, pr\u00e9serv\u00e9, explor\u00e9 et valoris\u00e9 de mani\u00e8re professionnelle. Son patrimoine est ancien et souvent d&rsquo;une valeur inestimable, une valeur \u00e0 laquelle la communaut\u00e9 attache une grande importance.<br>Le CEDOM travaille \u00e9galement pour la communaut\u00e9 en g\u00e9n\u00e9ral. Il agit comme une fen\u00eatre. Il informe, \u00e9duque, publie et expose dans le but de renforcer les liens entre la franc-ma\u00e7onnerie belge et le monde ext\u00e9rieur : il agit comme une fen\u00eatre sur le monde en \u00e9tablissant des liens avec la soci\u00e9t\u00e9.<br>Les francs-ma\u00e7ons se r\u00e9unissent dans des \u00ab\u00a0loges\u00a0\u00bb (ou \u00ab\u00a0ateliers\u00a0\u00bb) qui sont \u00e0 leur tour affili\u00e9es \u00e0 des ob\u00e9diences. Tous peuvent compter sur le CEDOM pour cartographier et\/ou conserver leurs archives et leur pr\u00e9cieuse collection de livres.<\/p>\n\n\n\n<figure class=\"wp-block-image size-full\"><img decoding=\"async\" width=\"2000\" height=\"936\" src=\"https:\/\/cedom-madoc.be\/wp-content\/uploads\/2024\/01\/04-12-2023-27-2000.jpg\" alt=\"\" class=\"wp-image-144\" style=\"object-fit:cover\" srcset=\"https:\/\/cedom-madoc.be\/wp-content\/uploads\/2024\/01\/04-12-2023-27-2000.jpg 2000w, https:\/\/cedom-madoc.be\/wp-content\/uploads\/2024\/01\/04-12-2023-27-2000-300x140.jpg 300w, https:\/\/cedom-madoc.be\/wp-content\/uploads\/2024\/01\/04-12-2023-27-2000-1024x479.jpg 1024w, https:\/\/cedom-madoc.be\/wp-content\/uploads\/2024\/01\/04-12-2023-27-2000-768x359.jpg 768w, https:\/\/cedom-madoc.be\/wp-content\/uploads\/2024\/01\/04-12-2023-27-2000-1536x719.jpg 1536w\" sizes=\"(max-width: 2000px) 100vw, 2000px\" \/><\/figure>\n\n\n\n<h2 class=\"wp-block-heading\">Histoire<\/h2>\n\n\n\n<p>En 1968, au sein du Grand Orient de Belgique, le CEDOM (Centre d&rsquo;\u00c9tudes et de Documentation Ma\u00e7onnique) a \u00e9t\u00e9 cr\u00e9\u00e9. Initialement, le CEDOM avait pour mission de g\u00e9rer les archives et la biblioth\u00e8que du Grand Orient de Belgique, et son fonctionnement \u00e9tait exclusivement destin\u00e9 au secr\u00e9tariat du Grand Orient de Belgique ainsi qu&rsquo;aux membres affili\u00e9s \u00e0 cette ob\u00e9dience. Une biblioth\u00e8que a \u00e9galement \u00e9t\u00e9 constitu\u00e9e au service des membres.<\/p>\n\n\n\n<p>Vers l&rsquo;an 2000, le CEDOM se pr\u00e9pare \u00e0 recevoir un ensemble substantiel d&rsquo;archives identifi\u00e9 en 1992 dans un d\u00e9p\u00f4t \u00e0 Moscou. Il s&rsquo;agissait d&rsquo;une collection d&rsquo;archives vol\u00e9es dans divers ateliers belges pendant la Seconde Guerre mondiale et transf\u00e9r\u00e9es \u00e0 Berlin par l&rsquo;occupant allemand. En 1945, les Sovi\u00e9tiques les ont emport\u00e9es et ont souhait\u00e9 les restituer apr\u00e8s la chute du communisme. Tous les ateliers belges victimes de ce vol pendant la guerre \u00e9taient d&rsquo;accord pour que la collection reste indivisible et soit conserv\u00e9e au mieux en un lieu central. Depuis le 19 juin 2002, les archives de Moscou sont conserv\u00e9es au CEDOM, marquant le d\u00e9but du processus de conservation et de valorisation de la collection.<\/p>\n\n\n\n<p>L&rsquo;arriv\u00e9e des \u00ab\u00a0Archives de Moscou\u00a0\u00bb a orient\u00e9 le CEDOM dans une direction d\u00e9cisive. En janvier 2004, le CEDOM est devenu une ASBL ind\u00e9pendante. Il est financ\u00e9 par le Grand Orient de Belgique et, depuis 2008, il b\u00e9n\u00e9ficie \u00e9galement d&rsquo;un financement structurel de la F\u00e9d\u00e9ration Wallonie-Bruxelles. Il y a \u00e9galement une petite contribution de la part de la Grande Loge F\u00e9minine de Belgique. &nbsp;Les autres ob\u00e9diences ne contribuent pas directement au co\u00fbt du CEDOM, mais l&rsquo;institution est au service de l&rsquo;ensemble de la franc-ma\u00e7onnerie belge et de ses archives. La collection du CEDOM est relativement petite et sp\u00e9cialis\u00e9e. Tous les livres et archives de cette collection concernent la franc-ma\u00e7onnerie en Belgique et ont \u00e9t\u00e9 d\u00e9pos\u00e9s ou donn\u00e9s par des organisations ma\u00e7onniques ou \u00e0 titre personnel. \u00c0 l&rsquo;heure actuelle, le CEDOM g\u00e8re 40 fonds d&rsquo;archives. Dans l&rsquo;ensemble, le CEDOM prend soin d&rsquo;une collection de 11 000 livres et de 252 m\u00e8tres lin\u00e9aires d&rsquo;archives.<\/p>\n\n\n<section id=\"internal-navigation-block_7d0d0f80dc123e8764361ea267cfba31\" class=\"internal-navigation\"><h4>Voir plus<\/h4><div class=nav-bg style=\"background-image:url(https:\/\/cedom-madoc.be\/wp-content\/uploads\/2024\/01\/Foto-leeszaal-2-2000x1333.jpeg);\"><\/div><nav class=content-wrapper><ul class=links><li class=\"count-2\"><a class=\"button block cut-corners cut-1\" href=\"https:\/\/cedom-madoc.be\/fr\/contact\/\" title=\"Contact\" target=\"\">Contact<\/a><\/li><li class=\"count-2\"><a class=\"button block cut-corners cut-1\" href=\"https:\/\/gob.be\/\" title=\"Grand Orient de Belgique\" target=\"_blank\">Grand Orient de Belgique<\/a><\/li><\/ul><\/nav><\/section>","protected":false},"excerpt":{"rendered":"<p>Qui sommes-nous? Le CEDOM est le Centre d\u2019Etude et de Documentation de la franc-ma\u00e7onnerie belge. Le CEDOM se compose de: &#8211; Une biblioth\u00e8que avec salle de lecture contenant 11 000 livres sur la franc-ma\u00e7onnerie. &#8211; Une collection de revues ma\u00e7onniques comprenant plus de 25 000 articles. &#8211; Un fonds d\u2019archives historiques remontant au XVIIIe si\u00e8cle. [&hellip;]<\/p>\n","protected":false},"author":1,"featured_media":182,"parent":0,"menu_order":0,"comment_status":"closed","ping_status":"closed","template":"","meta":{"_acf_changed":false,"footnotes":""},"acf":[],"yoast_head":"<!-- This site is optimized with the Yoast SEO plugin v24.5 - https:\/\/yoast.com\/wordpress\/plugins\/seo\/ -->\n<title>\u00c0 propos - Cedom Madoc<\/title>\n<meta name=\"robots\" content=\"index, follow, max-snippet:-1, max-image-preview:large, max-video-preview:-1\" \/>\n<link rel=\"canonical\" href=\"https:\/\/cedom-madoc.be\/fr\/a-propos\/\" \/>\n<meta property=\"og:locale\" content=\"fr_FR\" \/>\n<meta property=\"og:type\" content=\"article\" \/>\n<meta property=\"og:title\" content=\"\u00c0 propos - Cedom Madoc\" \/>\n<meta property=\"og:description\" content=\"Qui sommes-nous? Le CEDOM est le Centre d\u2019Etude et de Documentation de la franc-ma\u00e7onnerie belge. Le CEDOM se compose de: &#8211; Une biblioth\u00e8que avec salle de lecture contenant 11 000 livres sur la franc-ma\u00e7onnerie. &#8211; Une collection de revues ma\u00e7onniques comprenant plus de 25 000 articles. &#8211; Un fonds d\u2019archives historiques remontant au XVIIIe si\u00e8cle. [&hellip;]\" \/>\n<meta property=\"og:url\" content=\"https:\/\/cedom-madoc.be\/fr\/a-propos\/\" \/>\n<meta property=\"og:site_name\" content=\"Cedom Madoc\" \/>\n<meta property=\"article:modified_time\" content=\"2024-04-10T07:51:42+00:00\" \/>\n<meta property=\"og:image\" content=\"https:\/\/cedom-madoc.be\/wp-content\/uploads\/2024\/01\/04-12-2023-27-2000-B.jpg\" \/>\n\t<meta property=\"og:image:width\" content=\"2000\" \/>\n\t<meta property=\"og:image:height\" content=\"1333\" \/>\n\t<meta property=\"og:image:type\" content=\"image\/jpeg\" \/>\n<meta name=\"twitter:card\" content=\"summary_large_image\" \/>\n<meta name=\"twitter:label1\" content=\"Dur\u00e9e de lecture estim\u00e9e\" \/>\n\t<meta name=\"twitter:data1\" content=\"4 minutes\" \/>\n<script type=\"application\/ld+json\" class=\"yoast-schema-graph\">{\"@context\":\"https:\/\/schema.org\",\"@graph\":[{\"@type\":\"WebPage\",\"@id\":\"https:\/\/cedom-madoc.be\/fr\/a-propos\/\",\"url\":\"https:\/\/cedom-madoc.be\/fr\/a-propos\/\",\"name\":\"\u00c0 propos - Cedom Madoc\",\"isPartOf\":{\"@id\":\"https:\/\/cedom-madoc.be\/fr\/#website\"},\"primaryImageOfPage\":{\"@id\":\"https:\/\/cedom-madoc.be\/fr\/a-propos\/#primaryimage\"},\"image\":{\"@id\":\"https:\/\/cedom-madoc.be\/fr\/a-propos\/#primaryimage\"},\"thumbnailUrl\":\"https:\/\/cedom-madoc.be\/wp-content\/uploads\/2024\/01\/04-12-2023-27-2000-B.jpg\",\"datePublished\":\"2024-01-12T14:23:12+00:00\",\"dateModified\":\"2024-04-10T07:51:42+00:00\",\"breadcrumb\":{\"@id\":\"https:\/\/cedom-madoc.be\/fr\/a-propos\/#breadcrumb\"},\"inLanguage\":\"fr-FR\",\"potentialAction\":[{\"@type\":\"ReadAction\",\"target\":[\"https:\/\/cedom-madoc.be\/fr\/a-propos\/\"]}]},{\"@type\":\"ImageObject\",\"inLanguage\":\"fr-FR\",\"@id\":\"https:\/\/cedom-madoc.be\/fr\/a-propos\/#primaryimage\",\"url\":\"https:\/\/cedom-madoc.be\/wp-content\/uploads\/2024\/01\/04-12-2023-27-2000-B.jpg\",\"contentUrl\":\"https:\/\/cedom-madoc.be\/wp-content\/uploads\/2024\/01\/04-12-2023-27-2000-B.jpg\",\"width\":2000,\"height\":1333},{\"@type\":\"BreadcrumbList\",\"@id\":\"https:\/\/cedom-madoc.be\/fr\/a-propos\/#breadcrumb\",\"itemListElement\":[{\"@type\":\"ListItem\",\"position\":1,\"name\":\"Cedom-Madoc\",\"item\":\"https:\/\/cedom-madoc.be\/fr\/\"},{\"@type\":\"ListItem\",\"position\":2,\"name\":\"\u00c0 propos\"}]},{\"@type\":\"WebSite\",\"@id\":\"https:\/\/cedom-madoc.be\/fr\/#website\",\"url\":\"https:\/\/cedom-madoc.be\/fr\/\",\"name\":\"Cedom Madoc\",\"description\":\"\",\"publisher\":{\"@id\":\"https:\/\/cedom-madoc.be\/fr\/#organization\"},\"potentialAction\":[{\"@type\":\"SearchAction\",\"target\":{\"@type\":\"EntryPoint\",\"urlTemplate\":\"https:\/\/cedom-madoc.be\/fr\/?s={search_term_string}\"},\"query-input\":{\"@type\":\"PropertyValueSpecification\",\"valueRequired\":true,\"valueName\":\"search_term_string\"}}],\"inLanguage\":\"fr-FR\"},{\"@type\":\"Organization\",\"@id\":\"https:\/\/cedom-madoc.be\/fr\/#organization\",\"name\":\"Cedom Madoc\",\"url\":\"https:\/\/cedom-madoc.be\/fr\/\",\"logo\":{\"@type\":\"ImageObject\",\"inLanguage\":\"fr-FR\",\"@id\":\"https:\/\/cedom-madoc.be\/fr\/#\/schema\/logo\/image\/\",\"url\":\"https:\/\/cedom-madoc.be\/wp-content\/uploads\/2024\/01\/logo-cedom-text-nb.svg\",\"contentUrl\":\"https:\/\/cedom-madoc.be\/wp-content\/uploads\/2024\/01\/logo-cedom-text-nb.svg\",\"caption\":\"Cedom Madoc\"},\"image\":{\"@id\":\"https:\/\/cedom-madoc.be\/fr\/#\/schema\/logo\/image\/\"}}]}<\/script>\n<!-- \/ Yoast SEO plugin. -->","yoast_head_json":{"title":"\u00c0 propos - Cedom Madoc","robots":{"index":"index","follow":"follow","max-snippet":"max-snippet:-1","max-image-preview":"max-image-preview:large","max-video-preview":"max-video-preview:-1"},"canonical":"https:\/\/cedom-madoc.be\/fr\/a-propos\/","og_locale":"fr_FR","og_type":"article","og_title":"\u00c0 propos - Cedom Madoc","og_description":"Qui sommes-nous? Le CEDOM est le Centre d\u2019Etude et de Documentation de la franc-ma\u00e7onnerie belge. Le CEDOM se compose de: &#8211; Une biblioth\u00e8que avec salle de lecture contenant 11 000 livres sur la franc-ma\u00e7onnerie. &#8211; Une collection de revues ma\u00e7onniques comprenant plus de 25 000 articles. &#8211; Un fonds d\u2019archives historiques remontant au XVIIIe si\u00e8cle. [&hellip;]","og_url":"https:\/\/cedom-madoc.be\/fr\/a-propos\/","og_site_name":"Cedom Madoc","article_modified_time":"2024-04-10T07:51:42+00:00","og_image":[{"width":2000,"height":1333,"url":"https:\/\/cedom-madoc.be\/wp-content\/uploads\/2024\/01\/04-12-2023-27-2000-B.jpg","type":"image\/jpeg"}],"twitter_card":"summary_large_image","twitter_misc":{"Dur\u00e9e de lecture estim\u00e9e":"4 minutes"},"schema":{"@context":"https:\/\/schema.org","@graph":[{"@type":"WebPage","@id":"https:\/\/cedom-madoc.be\/fr\/a-propos\/","url":"https:\/\/cedom-madoc.be\/fr\/a-propos\/","name":"\u00c0 propos - Cedom Madoc","isPartOf":{"@id":"https:\/\/cedom-madoc.be\/fr\/#website"},"primaryImageOfPage":{"@id":"https:\/\/cedom-madoc.be\/fr\/a-propos\/#primaryimage"},"image":{"@id":"https:\/\/cedom-madoc.be\/fr\/a-propos\/#primaryimage"},"thumbnailUrl":"https:\/\/cedom-madoc.be\/wp-content\/uploads\/2024\/01\/04-12-2023-27-2000-B.jpg","datePublished":"2024-01-12T14:23:12+00:00","dateModified":"2024-04-10T07:51:42+00:00","breadcrumb":{"@id":"https:\/\/cedom-madoc.be\/fr\/a-propos\/#breadcrumb"},"inLanguage":"fr-FR","potentialAction":[{"@type":"ReadAction","target":["https:\/\/cedom-madoc.be\/fr\/a-propos\/"]}]},{"@type":"ImageObject","inLanguage":"fr-FR","@id":"https:\/\/cedom-madoc.be\/fr\/a-propos\/#primaryimage","url":"https:\/\/cedom-madoc.be\/wp-content\/uploads\/2024\/01\/04-12-2023-27-2000-B.jpg","contentUrl":"https:\/\/cedom-madoc.be\/wp-content\/uploads\/2024\/01\/04-12-2023-27-2000-B.jpg","width":2000,"height":1333},{"@type":"BreadcrumbList","@id":"https:\/\/cedom-madoc.be\/fr\/a-propos\/#breadcrumb","itemListElement":[{"@type":"ListItem","position":1,"name":"Cedom-Madoc","item":"https:\/\/cedom-madoc.be\/fr\/"},{"@type":"ListItem","position":2,"name":"\u00c0 propos"}]},{"@type":"WebSite","@id":"https:\/\/cedom-madoc.be\/fr\/#website","url":"https:\/\/cedom-madoc.be\/fr\/","name":"Cedom Madoc","description":"","publisher":{"@id":"https:\/\/cedom-madoc.be\/fr\/#organization"},"potentialAction":[{"@type":"SearchAction","target":{"@type":"EntryPoint","urlTemplate":"https:\/\/cedom-madoc.be\/fr\/?s={search_term_string}"},"query-input":{"@type":"PropertyValueSpecification","valueRequired":true,"valueName":"search_term_string"}}],"inLanguage":"fr-FR"},{"@type":"Organization","@id":"https:\/\/cedom-madoc.be\/fr\/#organization","name":"Cedom Madoc","url":"https:\/\/cedom-madoc.be\/fr\/","logo":{"@type":"ImageObject","inLanguage":"fr-FR","@id":"https:\/\/cedom-madoc.be\/fr\/#\/schema\/logo\/image\/","url":"https:\/\/cedom-madoc.be\/wp-content\/uploads\/2024\/01\/logo-cedom-text-nb.svg","contentUrl":"https:\/\/cedom-madoc.be\/wp-content\/uploads\/2024\/01\/logo-cedom-text-nb.svg","caption":"Cedom Madoc"},"image":{"@id":"https:\/\/cedom-madoc.be\/fr\/#\/schema\/logo\/image\/"}}]}},"_links":{"self":[{"href":"https:\/\/cedom-madoc.be\/fr\/wp-json\/wp\/v2\/pages\/193"}],"collection":[{"href":"https:\/\/cedom-madoc.be\/fr\/wp-json\/wp\/v2\/pages"}],"about":[{"href":"https:\/\/cedom-madoc.be\/fr\/wp-json\/wp\/v2\/types\/page"}],"author":[{"embeddable":true,"href":"https:\/\/cedom-madoc.be\/fr\/wp-json\/wp\/v2\/users\/1"}],"replies":[{"embeddable":true,"href":"https:\/\/cedom-madoc.be\/fr\/wp-json\/wp\/v2\/comments?post=193"}],"version-history":[{"count":25,"href":"https:\/\/cedom-madoc.be\/fr\/wp-json\/wp\/v2\/pages\/193\/revisions"}],"predecessor-version":[{"id":861,"href":"https:\/\/cedom-madoc.be\/fr\/wp-json\/wp\/v2\/pages\/193\/revisions\/861"}],"wp:featuredmedia":[{"embeddable":true,"href":"https:\/\/cedom-madoc.be\/fr\/wp-json\/wp\/v2\/media\/182"}],"wp:attachment":[{"href":"https:\/\/cedom-madoc.be\/fr\/wp-json\/wp\/v2\/media?parent=193"}],"curies":[{"name":"wp","href":"https:\/\/api.w.org\/{rel}","templated":true}]}}