{"id":195,"date":"2024-01-12T14:23:27","date_gmt":"2024-01-12T14:23:27","guid":{"rendered":"https:\/\/cedom-madoc.be\/visit\/"},"modified":"2024-10-18T11:50:46","modified_gmt":"2024-10-18T11:50:46","slug":"contact","status":"publish","type":"page","link":"https:\/\/cedom-madoc.be\/fr\/contact\/","title":{"rendered":"Contact"},"content":{"rendered":"\n<h2 class=\"wp-block-heading\">Heures d&rsquo;ouverture<\/h2>\n\n\n\n<p>Ouvert du mardi au jeudi de 9h30 \u00e0 17h00.<br>L&rsquo;acc\u00e8s au CEDOM est libre et gratuit. Nous vous demandons simplement de prendre rendez-vous.<br><br>Le CEDOM est ferm\u00e9 chaque ann\u00e9e du 25 d\u00e9cembre au 1er janvier.<\/p>\n\n\n\n<h2 class=\"wp-block-heading\">Localisation et accessibilit\u00e9<\/h2>\n\n\n\n<p>Le CEDOM est situ\u00e9 au centre de Bruxelles, \u00e0 proximit\u00e9 de la place De Brouck\u00e8re. (Transports en commun : lignes 1, 3, 4 et 5 &#8211; Arr\u00eat &lsquo;De Brouck\u00e8re&rsquo;)<br><br>L&rsquo;adresse postale du CEDOM est : Rue de Laeken 75 &#8211; 1000 Bruxelles. L&rsquo;entr\u00e9e se trouve Rue Vander Elst 21 &#8211; 1000 Bruxelles<\/p>\n\n\n\n<h2 class=\"wp-block-heading\">T\u00e9l\u00e9phone et Courriel<\/h2>\n\n\n\n<p>Courriel: Archives@cedom.be<br>T\u00e9l\u00e9phone: +32 2 217 93 69<\/p>\n\n\n\n<div class=\"wp-block-buttons is-layout-flex wp-block-buttons-is-layout-flex\">\n<div class=\"wp-block-button\"><a class=\"wp-block-button__link wp-element-button\" href=\"https:\/\/cedom-madoc.be\/wp-content\/uploads\/2024\/10\/REGLEMENT-DORDRE-INTERIEUR-CEDOM.pdf\">R\u00e9glement d&rsquo;ordre int\u00e9rieur<\/a><\/div>\n<\/div>\n\n\n\n<figure class=\"wp-block-image size-full\"><img decoding=\"async\" width=\"2000\" height=\"960\" src=\"https:\/\/cedom-madoc.be\/wp-content\/uploads\/2024\/01\/04-12-2023-20-retouche-2000-B.jpg\" alt=\"\" class=\"wp-image-141\" srcset=\"https:\/\/cedom-madoc.be\/wp-content\/uploads\/2024\/01\/04-12-2023-20-retouche-2000-B.jpg 2000w, https:\/\/cedom-madoc.be\/wp-content\/uploads\/2024\/01\/04-12-2023-20-retouche-2000-B-300x144.jpg 300w, https:\/\/cedom-madoc.be\/wp-content\/uploads\/2024\/01\/04-12-2023-20-retouche-2000-B-1024x492.jpg 1024w, https:\/\/cedom-madoc.be\/wp-content\/uploads\/2024\/01\/04-12-2023-20-retouche-2000-B-768x369.jpg 768w, https:\/\/cedom-madoc.be\/wp-content\/uploads\/2024\/01\/04-12-2023-20-retouche-2000-B-1536x737.jpg 1536w\" sizes=\"(max-width: 2000px) 100vw, 2000px\" \/><\/figure>\n\n\n<section id=\"internal-navigation-block_38376efb8541e9f0ad5772a72918640e\" class=\"internal-navigation\"><h4>Voir plus<\/h4><div class=nav-bg style=\"background-image:url(https:\/\/cedom-madoc.be\/wp-content\/uploads\/2024\/01\/04-12-2023-31-2000.jpg);\"><\/div><nav class=content-wrapper><ul class=links><li class=\"count-2\"><a class=\"button block cut-corners cut-1\" href=\"https:\/\/cedom-madoc.be\/fr\/about\/\" title=\"\u00c0 propos\" target=\"\">\u00c0 propos<\/a><\/li><li class=\"count-2\"><a class=\"button block cut-corners cut-1\" href=\"https:\/\/cedom-madoc.be\/fr\/grand-orient-de-belgique\/\" title=\"Grand Orient de Belgique\" target=\"\">Grand Orient de Belgique<\/a><\/li><\/ul><\/nav><\/section>","protected":false},"excerpt":{"rendered":"<p>Heures d&rsquo;ouverture Ouvert du mardi au jeudi de 9h30 \u00e0 17h00.L&rsquo;acc\u00e8s au CEDOM est libre et gratuit. Nous vous demandons simplement de prendre rendez-vous. Le CEDOM est ferm\u00e9 chaque ann\u00e9e du 25 d\u00e9cembre au 1er janvier. Localisation et accessibilit\u00e9 Le CEDOM est situ\u00e9 au centre de Bruxelles, \u00e0 proximit\u00e9 de la place De Brouck\u00e8re. (Transports [&hellip;]<\/p>\n","protected":false},"author":1,"featured_media":176,"parent":0,"menu_order":0,"comment_status":"closed","ping_status":"closed","template":"","meta":{"_acf_changed":false,"footnotes":""},"acf":[],"yoast_head":"<!-- This site is optimized with the Yoast SEO plugin v24.5 - https:\/\/yoast.com\/wordpress\/plugins\/seo\/ -->\n<title>Contact - Cedom Madoc<\/title>\n<meta name=\"robots\" content=\"index, follow, max-snippet:-1, max-image-preview:large, max-video-preview:-1\" \/>\n<link rel=\"canonical\" href=\"https:\/\/cedom-madoc.be\/fr\/contact\/\" \/>\n<meta property=\"og:locale\" content=\"fr_FR\" \/>\n<meta property=\"og:type\" content=\"article\" \/>\n<meta property=\"og:title\" content=\"Contact - Cedom Madoc\" \/>\n<meta property=\"og:description\" content=\"Heures d&rsquo;ouverture Ouvert du mardi au jeudi de 9h30 \u00e0 17h00.L&rsquo;acc\u00e8s au CEDOM est libre et gratuit. Nous vous demandons simplement de prendre rendez-vous. Le CEDOM est ferm\u00e9 chaque ann\u00e9e du 25 d\u00e9cembre au 1er janvier. Localisation et accessibilit\u00e9 Le CEDOM est situ\u00e9 au centre de Bruxelles, \u00e0 proximit\u00e9 de la place De Brouck\u00e8re. (Transports [&hellip;]\" \/>\n<meta property=\"og:url\" content=\"https:\/\/cedom-madoc.be\/fr\/contact\/\" \/>\n<meta property=\"og:site_name\" content=\"Cedom Madoc\" \/>\n<meta property=\"article:modified_time\" content=\"2024-10-18T11:50:46+00:00\" \/>\n<meta property=\"og:image\" content=\"https:\/\/cedom-madoc.be\/wp-content\/uploads\/2024\/01\/04-12-2023-20-retouche-2000.jpg\" \/>\n\t<meta property=\"og:image:width\" content=\"2000\" \/>\n\t<meta property=\"og:image:height\" content=\"1333\" \/>\n\t<meta property=\"og:image:type\" content=\"image\/jpeg\" \/>\n<meta name=\"twitter:card\" content=\"summary_large_image\" \/>\n<meta name=\"twitter:label1\" content=\"Dur\u00e9e de lecture estim\u00e9e\" \/>\n\t<meta name=\"twitter:data1\" content=\"1 minute\" \/>\n<script type=\"application\/ld+json\" class=\"yoast-schema-graph\">{\"@context\":\"https:\/\/schema.org\",\"@graph\":[{\"@type\":\"WebPage\",\"@id\":\"https:\/\/cedom-madoc.be\/fr\/contact\/\",\"url\":\"https:\/\/cedom-madoc.be\/fr\/contact\/\",\"name\":\"Contact - Cedom Madoc\",\"isPartOf\":{\"@id\":\"https:\/\/cedom-madoc.be\/fr\/#website\"},\"primaryImageOfPage\":{\"@id\":\"https:\/\/cedom-madoc.be\/fr\/contact\/#primaryimage\"},\"image\":{\"@id\":\"https:\/\/cedom-madoc.be\/fr\/contact\/#primaryimage\"},\"thumbnailUrl\":\"https:\/\/cedom-madoc.be\/wp-content\/uploads\/2024\/01\/04-12-2023-20-retouche-2000.jpg\",\"datePublished\":\"2024-01-12T14:23:27+00:00\",\"dateModified\":\"2024-10-18T11:50:46+00:00\",\"breadcrumb\":{\"@id\":\"https:\/\/cedom-madoc.be\/fr\/contact\/#breadcrumb\"},\"inLanguage\":\"fr-FR\",\"potentialAction\":[{\"@type\":\"ReadAction\",\"target\":[\"https:\/\/cedom-madoc.be\/fr\/contact\/\"]}]},{\"@type\":\"ImageObject\",\"inLanguage\":\"fr-FR\",\"@id\":\"https:\/\/cedom-madoc.be\/fr\/contact\/#primaryimage\",\"url\":\"https:\/\/cedom-madoc.be\/wp-content\/uploads\/2024\/01\/04-12-2023-20-retouche-2000.jpg\",\"contentUrl\":\"https:\/\/cedom-madoc.be\/wp-content\/uploads\/2024\/01\/04-12-2023-20-retouche-2000.jpg\",\"width\":2000,\"height\":1333},{\"@type\":\"BreadcrumbList\",\"@id\":\"https:\/\/cedom-madoc.be\/fr\/contact\/#breadcrumb\",\"itemListElement\":[{\"@type\":\"ListItem\",\"position\":1,\"name\":\"Cedom-Madoc\",\"item\":\"https:\/\/cedom-madoc.be\/fr\/\"},{\"@type\":\"ListItem\",\"position\":2,\"name\":\"Contact\"}]},{\"@type\":\"WebSite\",\"@id\":\"https:\/\/cedom-madoc.be\/fr\/#website\",\"url\":\"https:\/\/cedom-madoc.be\/fr\/\",\"name\":\"Cedom Madoc\",\"description\":\"\",\"publisher\":{\"@id\":\"https:\/\/cedom-madoc.be\/fr\/#organization\"},\"potentialAction\":[{\"@type\":\"SearchAction\",\"target\":{\"@type\":\"EntryPoint\",\"urlTemplate\":\"https:\/\/cedom-madoc.be\/fr\/?s={search_term_string}\"},\"query-input\":{\"@type\":\"PropertyValueSpecification\",\"valueRequired\":true,\"valueName\":\"search_term_string\"}}],\"inLanguage\":\"fr-FR\"},{\"@type\":\"Organization\",\"@id\":\"https:\/\/cedom-madoc.be\/fr\/#organization\",\"name\":\"Cedom Madoc\",\"url\":\"https:\/\/cedom-madoc.be\/fr\/\",\"logo\":{\"@type\":\"ImageObject\",\"inLanguage\":\"fr-FR\",\"@id\":\"https:\/\/cedom-madoc.be\/fr\/#\/schema\/logo\/image\/\",\"url\":\"https:\/\/cedom-madoc.be\/wp-content\/uploads\/2024\/01\/logo-cedom-text-nb.svg\",\"contentUrl\":\"https:\/\/cedom-madoc.be\/wp-content\/uploads\/2024\/01\/logo-cedom-text-nb.svg\",\"caption\":\"Cedom Madoc\"},\"image\":{\"@id\":\"https:\/\/cedom-madoc.be\/fr\/#\/schema\/logo\/image\/\"}}]}<\/script>\n<!-- \/ Yoast SEO plugin. -->","yoast_head_json":{"title":"Contact - Cedom Madoc","robots":{"index":"index","follow":"follow","max-snippet":"max-snippet:-1","max-image-preview":"max-image-preview:large","max-video-preview":"max-video-preview:-1"},"canonical":"https:\/\/cedom-madoc.be\/fr\/contact\/","og_locale":"fr_FR","og_type":"article","og_title":"Contact - Cedom Madoc","og_description":"Heures d&rsquo;ouverture Ouvert du mardi au jeudi de 9h30 \u00e0 17h00.L&rsquo;acc\u00e8s au CEDOM est libre et gratuit. Nous vous demandons simplement de prendre rendez-vous. Le CEDOM est ferm\u00e9 chaque ann\u00e9e du 25 d\u00e9cembre au 1er janvier. Localisation et accessibilit\u00e9 Le CEDOM est situ\u00e9 au centre de Bruxelles, \u00e0 proximit\u00e9 de la place De Brouck\u00e8re. (Transports [&hellip;]","og_url":"https:\/\/cedom-madoc.be\/fr\/contact\/","og_site_name":"Cedom Madoc","article_modified_time":"2024-10-18T11:50:46+00:00","og_image":[{"width":2000,"height":1333,"url":"https:\/\/cedom-madoc.be\/wp-content\/uploads\/2024\/01\/04-12-2023-20-retouche-2000.jpg","type":"image\/jpeg"}],"twitter_card":"summary_large_image","twitter_misc":{"Dur\u00e9e de lecture estim\u00e9e":"1 minute"},"schema":{"@context":"https:\/\/schema.org","@graph":[{"@type":"WebPage","@id":"https:\/\/cedom-madoc.be\/fr\/contact\/","url":"https:\/\/cedom-madoc.be\/fr\/contact\/","name":"Contact - Cedom Madoc","isPartOf":{"@id":"https:\/\/cedom-madoc.be\/fr\/#website"},"primaryImageOfPage":{"@id":"https:\/\/cedom-madoc.be\/fr\/contact\/#primaryimage"},"image":{"@id":"https:\/\/cedom-madoc.be\/fr\/contact\/#primaryimage"},"thumbnailUrl":"https:\/\/cedom-madoc.be\/wp-content\/uploads\/2024\/01\/04-12-2023-20-retouche-2000.jpg","datePublished":"2024-01-12T14:23:27+00:00","dateModified":"2024-10-18T11:50:46+00:00","breadcrumb":{"@id":"https:\/\/cedom-madoc.be\/fr\/contact\/#breadcrumb"},"inLanguage":"fr-FR","potentialAction":[{"@type":"ReadAction","target":["https:\/\/cedom-madoc.be\/fr\/contact\/"]}]},{"@type":"ImageObject","inLanguage":"fr-FR","@id":"https:\/\/cedom-madoc.be\/fr\/contact\/#primaryimage","url":"https:\/\/cedom-madoc.be\/wp-content\/uploads\/2024\/01\/04-12-2023-20-retouche-2000.jpg","contentUrl":"https:\/\/cedom-madoc.be\/wp-content\/uploads\/2024\/01\/04-12-2023-20-retouche-2000.jpg","width":2000,"height":1333},{"@type":"BreadcrumbList","@id":"https:\/\/cedom-madoc.be\/fr\/contact\/#breadcrumb","itemListElement":[{"@type":"ListItem","position":1,"name":"Cedom-Madoc","item":"https:\/\/cedom-madoc.be\/fr\/"},{"@type":"ListItem","position":2,"name":"Contact"}]},{"@type":"WebSite","@id":"https:\/\/cedom-madoc.be\/fr\/#website","url":"https:\/\/cedom-madoc.be\/fr\/","name":"Cedom Madoc","description":"","publisher":{"@id":"https:\/\/cedom-madoc.be\/fr\/#organization"},"potentialAction":[{"@type":"SearchAction","target":{"@type":"EntryPoint","urlTemplate":"https:\/\/cedom-madoc.be\/fr\/?s={search_term_string}"},"query-input":{"@type":"PropertyValueSpecification","valueRequired":true,"valueName":"search_term_string"}}],"inLanguage":"fr-FR"},{"@type":"Organization","@id":"https:\/\/cedom-madoc.be\/fr\/#organization","name":"Cedom Madoc","url":"https:\/\/cedom-madoc.be\/fr\/","logo":{"@type":"ImageObject","inLanguage":"fr-FR","@id":"https:\/\/cedom-madoc.be\/fr\/#\/schema\/logo\/image\/","url":"https:\/\/cedom-madoc.be\/wp-content\/uploads\/2024\/01\/logo-cedom-text-nb.svg","contentUrl":"https:\/\/cedom-madoc.be\/wp-content\/uploads\/2024\/01\/logo-cedom-text-nb.svg","caption":"Cedom Madoc"},"image":{"@id":"https:\/\/cedom-madoc.be\/fr\/#\/schema\/logo\/image\/"}}]}},"_links":{"self":[{"href":"https:\/\/cedom-madoc.be\/fr\/wp-json\/wp\/v2\/pages\/195"}],"collection":[{"href":"https:\/\/cedom-madoc.be\/fr\/wp-json\/wp\/v2\/pages"}],"about":[{"href":"https:\/\/cedom-madoc.be\/fr\/wp-json\/wp\/v2\/types\/page"}],"author":[{"embeddable":true,"href":"https:\/\/cedom-madoc.be\/fr\/wp-json\/wp\/v2\/users\/1"}],"replies":[{"embeddable":true,"href":"https:\/\/cedom-madoc.be\/fr\/wp-json\/wp\/v2\/comments?post=195"}],"version-history":[{"count":15,"href":"https:\/\/cedom-madoc.be\/fr\/wp-json\/wp\/v2\/pages\/195\/revisions"}],"predecessor-version":[{"id":934,"href":"https:\/\/cedom-madoc.be\/fr\/wp-json\/wp\/v2\/pages\/195\/revisions\/934"}],"wp:featuredmedia":[{"embeddable":true,"href":"https:\/\/cedom-madoc.be\/fr\/wp-json\/wp\/v2\/media\/176"}],"wp:attachment":[{"href":"https:\/\/cedom-madoc.be\/fr\/wp-json\/wp\/v2\/media?parent=195"}],"curies":[{"name":"wp","href":"https:\/\/api.w.org\/{rel}","templated":true}]}}