{"id":216,"date":"2024-01-12T14:23:44","date_gmt":"2024-01-12T14:23:44","guid":{"rendered":"https:\/\/cedom-madoc.be\/library\/"},"modified":"2024-02-13T13:31:24","modified_gmt":"2024-02-13T13:31:24","slug":"bibliotheque","status":"publish","type":"page","link":"https:\/\/cedom-madoc.be\/fr\/bibliotheque\/","title":{"rendered":"Biblioth\u00e8que"},"content":{"rendered":"<section id=\"block-intro-block_45663fe21a56f5453ad970c82d477b13\" class=\"block-intro\"><div class=content-wrapper><div class=intro><p>La biblioth\u00e8que du CEDOM compte environ 11 000 livres traitant de sujets ma\u00e7onniques dont environ un millier d&rsquo;exemplaires pr\u00e9cieux datant des XVIIIe et XIXe si\u00e8cles. Le CEDOM dispose \u00e9galement d&rsquo;une collection de p\u00e9riodiques ma\u00e7onniques. Au total, une soixantaine de revues sont collect\u00e9es, dont une vingtaine fait toujours l&rsquo;objet d&rsquo;un abonnement.<\/p>\n<\/div><\/div><\/section>\n\n\n<h2 class=\"wp-block-heading\">Ouvrages de r\u00e9f\u00e9rence<\/h2>\n\n\n\n<p>Plusieurs publications qui se trouvent dans notre collection sont consid\u00e9r\u00e9es comme des ouvrages de r\u00e9f\u00e9rence sur l\u2019histoire de la franc-ma\u00e7onnerie en Belgique et peuvent \u00eatre t\u00e9l\u00e9charg\u00e9es directement depuis notre site&nbsp;:<br><br><br><em>Auguste de Wargny, Annales chronologiques, litt\u00e9raires et historiques de la Ma\u00e7onnerie des Pays-Bas, 6 vols., 1822-1829.<\/em><br>Auguste de Wargny fut membre de la loge bruxelloise \u00ab\u00a0L&rsquo;Esp\u00e9rance\u00a0\u00bb, entre 1814 et 1830, o\u00f9 il occupa diverses fonctions. Son \u0153uvre principale est cette chronique en six volumes, publi\u00e9e entre 1822 et 1829. Ensemble, ils constituent l&rsquo;une des principales sources de l&rsquo;histoire de la franc-ma\u00e7onnerie dans nos r\u00e9gions pendant la p\u00e9riode du Royaume uni des Pays-Bas.<\/p>\n\n\n\n<div class=\"wp-block-buttons is-layout-flex wp-block-buttons-is-layout-flex\">\n<div class=\"wp-block-button small\"><a class=\"wp-block-button__link wp-element-button\" href=\"https:\/\/cedom-madoc.be\/wp-content\/uploads\/2024\/02\/WARGNY-Annales-Chronologiques-de-la-maconnerie-Tome-1-AD.pdf\" target=\"_blank\" rel=\"noreferrer noopener\">T\u00e9l\u00e9charger Vol.1<\/a><\/div>\n\n\n\n<div class=\"wp-block-button small\"><a class=\"wp-block-button__link wp-element-button\" href=\"https:\/\/cedom-madoc.be\/wp-content\/uploads\/2024\/02\/WARGNY-Annales-Chronologiques-de-la-maconnerie-Tome-2-AD.pdf\" target=\"_blank\" rel=\"noreferrer noopener\">T\u00e9l\u00e9charger Vol.2<\/a><\/div>\n\n\n\n<div class=\"wp-block-button small\"><a class=\"wp-block-button__link wp-element-button\" href=\"https:\/\/cedom-madoc.be\/wp-content\/uploads\/2024\/02\/WARGNY-Annales-Chronologiques-de-la-maconnerie-Tome-3-AD.pdf\" target=\"_blank\" rel=\"noreferrer noopener\">T\u00e9l\u00e9charger Vol.3<\/a><\/div>\n\n\n\n<div class=\"wp-block-button small\"><a class=\"wp-block-button__link wp-element-button\" href=\"https:\/\/cedom-madoc.be\/wp-content\/uploads\/2024\/02\/WARGNY-Annales-Chronologiques-de-la-maconnerie-Tome-4-AD.pdf\" target=\"_blank\" rel=\"noreferrer noopener\">T\u00e9l\u00e9charger Vol.4<\/a><\/div>\n\n\n\n<div class=\"wp-block-button small\"><a class=\"wp-block-button__link wp-element-button\" href=\"https:\/\/cedom-madoc.be\/wp-content\/uploads\/2024\/02\/WARGNY-Annales-Chronologiques-de-la-maconnerie-Tome-5-AD.pdf\" target=\"_blank\" rel=\"noreferrer noopener\">T\u00e9l\u00e9charger Vol.5<\/a><\/div>\n\n\n\n<div class=\"wp-block-button small\"><a class=\"wp-block-button__link wp-element-button\" href=\"https:\/\/cedom-madoc.be\/wp-content\/uploads\/2024\/02\/WARGNY-Annales-Chronologiques-de-la-maconnerie-Tome-6-AD.pdf\" target=\"_blank\" rel=\"noreferrer noopener\">T\u00e9l\u00e9charger Vol.6<\/a><\/div>\n<\/div>\n\n\n\n<p><em>La Belgique Ma\u00e7onnique, Bruxelles, 1887&nbsp;&nbsp;<\/em><\/p>\n\n\n\n<p>Cette publication anonyme contient une liste de francs-ma\u00e7ons initi\u00e9s entre 1830 et 1886. Tous les noms sont class\u00e9s par ordre alphab\u00e9tique et, dans la mesure du possible, accompagn\u00e9s d&rsquo;informations sur la profession et l&rsquo;adresse des personnes concern\u00e9es.&nbsp;<\/p>\n\n\n\n<div class=\"wp-block-buttons is-layout-flex wp-block-buttons-is-layout-flex\">\n<div class=\"wp-block-button small\"><a class=\"wp-block-button__link wp-element-button\" href=\"https:\/\/cedom-madoc.be\/wp-content\/uploads\/2024\/02\/La-Belgique-Maconnique.pdf\" target=\"_blank\" rel=\"noreferrer noopener\">T\u00e9l\u00e9charger La Belgique ma\u00e7onnique<\/a><\/div>\n<\/div>\n\n\n\n<p><em>Cordier, Histoire de L\u2019Ordre Ma\u00e7onnique en Belgique, Mons, 1854.&nbsp;&nbsp;<\/em><\/p>\n\n\n\n<p>Cordier \u00e9tait membre de la Loge \u00ab\u00a0La Parfaite Union\u00a0\u00bb \u00e0 Mons. Le premier tome du livre traite des origines souvent mythologiques de la franc-ma\u00e7onnerie, tandis que le deuxi\u00e8me tome donne un aper\u00e7u de l&rsquo;histoire de la franc-ma\u00e7onnerie dans nos r\u00e9gions au XVIIIe si\u00e8cle. Le dernier tome pr\u00e9sente des listes de membres de certaines loges du XVIIIe si\u00e8cle \u00e0 Bruxelles, Luxembourg, Anvers, Gand, Ostende et Bergen, etc.&nbsp;<\/p>\n\n\n\n<div class=\"wp-block-buttons is-layout-flex wp-block-buttons-is-layout-flex\">\n<div class=\"wp-block-button small\"><a class=\"wp-block-button__link wp-element-button\" href=\"https:\/\/cedom-madoc.be\/wp-content\/uploads\/2024\/02\/Cordier-A-Histoire-de-lordre-maconnique-en-Belgique.pdf\" target=\"_blank\" rel=\"noreferrer noopener\">T\u00e9l\u00e9charger Histoire de L&rsquo;Ordre<\/a><\/div>\n<\/div>\n\n\n\n<p><em>Marcel De Schampheleire, Histoire de la franc-ma\u00e7onnerie belge depuis 1830, Brussel, 1987&nbsp;&nbsp;<\/em><\/p>\n\n\n\n<p>Marcel De Schampheleire a publi\u00e9 en 1987, sur l&rsquo;initiative du Grand Orient de Belgique, une \u0153uvre historique sur l&rsquo;histoire de cette organisation. Le livre aborde l&rsquo;histoire du Grand Orient de Belgique \u00e0 partir de 1833. L&rsquo;\u00e9tude se compose de trois parties et a \u00e9t\u00e9 publi\u00e9e en deux langues.&nbsp;<\/p>\n\n\n\n<div class=\"wp-block-buttons is-layout-flex wp-block-buttons-is-layout-flex\">\n<div class=\"wp-block-button small\"><a class=\"wp-block-button__link wp-element-button\" href=\"https:\/\/cedom-madoc.be\/wp-content\/uploads\/2024\/02\/De-Schampheleire-Tome-1-1830-1914.pdf\" target=\"_blank\" rel=\"noreferrer noopener\">T\u00e9l\u00e9charger Histoire de la franc-ma\u00e7onnerie<\/a><\/div>\n<\/div>\n\n\n<section id=\"internal-navigation-block_2d2e6d9d96812b0d3a9b5fb612b418ac\" class=\"internal-navigation\"><h4>Voir plus<\/h4><div class=nav-bg style=\"background-image:url(https:\/\/cedom-madoc.be\/wp-content\/uploads\/2024\/01\/Foto-leeszaal-1.jpeg);\"><\/div><nav class=content-wrapper><ul class=links><li class=\"count-2\"><a class=\"button block cut-corners cut-1\" href=\"https:\/\/www.udesk-cedom.eu\/ucat\/main\/fre\" title=\"Catalogue\" target=\"_blank\">Catalogue<\/a><\/li><li class=\"count-2\"><a class=\"button block cut-corners cut-1\" href=\"https:\/\/cedom-madoc.be\/fr\/news\/\" title=\"News\" target=\"\">News<\/a><\/li><\/ul><\/nav><\/section>\n\n\n<p><\/p>\n","protected":false},"excerpt":{"rendered":"<p>Ouvrages de r\u00e9f\u00e9rence Plusieurs publications qui se trouvent dans notre collection sont consid\u00e9r\u00e9es comme des ouvrages de r\u00e9f\u00e9rence sur l\u2019histoire de la franc-ma\u00e7onnerie en Belgique et peuvent \u00eatre t\u00e9l\u00e9charg\u00e9es directement depuis notre site&nbsp;: Auguste de Wargny, Annales chronologiques, litt\u00e9raires et historiques de la Ma\u00e7onnerie des Pays-Bas, 6 vols., 1822-1829.Auguste de Wargny fut membre de la [&hellip;]<\/p>\n","protected":false},"author":1,"featured_media":166,"parent":0,"menu_order":0,"comment_status":"closed","ping_status":"closed","template":"","meta":{"_acf_changed":false,"footnotes":""},"acf":[],"yoast_head":"<!-- This site is optimized with the Yoast SEO plugin v24.5 - https:\/\/yoast.com\/wordpress\/plugins\/seo\/ -->\n<title>Biblioth\u00e8que - Cedom Madoc<\/title>\n<meta name=\"robots\" content=\"index, follow, max-snippet:-1, max-image-preview:large, max-video-preview:-1\" \/>\n<link rel=\"canonical\" href=\"https:\/\/cedom-madoc.be\/fr\/bibliotheque\/\" \/>\n<meta property=\"og:locale\" content=\"fr_FR\" \/>\n<meta property=\"og:type\" content=\"article\" \/>\n<meta property=\"og:title\" content=\"Biblioth\u00e8que - Cedom Madoc\" \/>\n<meta property=\"og:description\" content=\"Ouvrages de r\u00e9f\u00e9rence Plusieurs publications qui se trouvent dans notre collection sont consid\u00e9r\u00e9es comme des ouvrages de r\u00e9f\u00e9rence sur l\u2019histoire de la franc-ma\u00e7onnerie en Belgique et peuvent \u00eatre t\u00e9l\u00e9charg\u00e9es directement depuis notre site&nbsp;: Auguste de Wargny, Annales chronologiques, litt\u00e9raires et historiques de la Ma\u00e7onnerie des Pays-Bas, 6 vols., 1822-1829.Auguste de Wargny fut membre de la [&hellip;]\" \/>\n<meta property=\"og:url\" content=\"https:\/\/cedom-madoc.be\/fr\/bibliotheque\/\" \/>\n<meta property=\"og:site_name\" content=\"Cedom Madoc\" \/>\n<meta property=\"article:modified_time\" content=\"2024-02-13T13:31:24+00:00\" \/>\n<meta property=\"og:image\" content=\"https:\/\/cedom-madoc.be\/wp-content\/uploads\/2024\/01\/04-12-2023-21-2000.jpg\" \/>\n\t<meta property=\"og:image:width\" content=\"2000\" \/>\n\t<meta property=\"og:image:height\" content=\"1333\" \/>\n\t<meta property=\"og:image:type\" content=\"image\/jpeg\" \/>\n<meta name=\"twitter:card\" content=\"summary_large_image\" \/>\n<meta name=\"twitter:label1\" content=\"Dur\u00e9e de lecture estim\u00e9e\" \/>\n\t<meta name=\"twitter:data1\" content=\"2 minutes\" \/>\n<script type=\"application\/ld+json\" class=\"yoast-schema-graph\">{\"@context\":\"https:\/\/schema.org\",\"@graph\":[{\"@type\":\"WebPage\",\"@id\":\"https:\/\/cedom-madoc.be\/fr\/bibliotheque\/\",\"url\":\"https:\/\/cedom-madoc.be\/fr\/bibliotheque\/\",\"name\":\"Biblioth\u00e8que - Cedom Madoc\",\"isPartOf\":{\"@id\":\"https:\/\/cedom-madoc.be\/fr\/#website\"},\"primaryImageOfPage\":{\"@id\":\"https:\/\/cedom-madoc.be\/fr\/bibliotheque\/#primaryimage\"},\"image\":{\"@id\":\"https:\/\/cedom-madoc.be\/fr\/bibliotheque\/#primaryimage\"},\"thumbnailUrl\":\"https:\/\/cedom-madoc.be\/wp-content\/uploads\/2024\/01\/04-12-2023-21-2000.jpg\",\"datePublished\":\"2024-01-12T14:23:44+00:00\",\"dateModified\":\"2024-02-13T13:31:24+00:00\",\"breadcrumb\":{\"@id\":\"https:\/\/cedom-madoc.be\/fr\/bibliotheque\/#breadcrumb\"},\"inLanguage\":\"fr-FR\",\"potentialAction\":[{\"@type\":\"ReadAction\",\"target\":[\"https:\/\/cedom-madoc.be\/fr\/bibliotheque\/\"]}]},{\"@type\":\"ImageObject\",\"inLanguage\":\"fr-FR\",\"@id\":\"https:\/\/cedom-madoc.be\/fr\/bibliotheque\/#primaryimage\",\"url\":\"https:\/\/cedom-madoc.be\/wp-content\/uploads\/2024\/01\/04-12-2023-21-2000.jpg\",\"contentUrl\":\"https:\/\/cedom-madoc.be\/wp-content\/uploads\/2024\/01\/04-12-2023-21-2000.jpg\",\"width\":2000,\"height\":1333},{\"@type\":\"BreadcrumbList\",\"@id\":\"https:\/\/cedom-madoc.be\/fr\/bibliotheque\/#breadcrumb\",\"itemListElement\":[{\"@type\":\"ListItem\",\"position\":1,\"name\":\"Cedom-Madoc\",\"item\":\"https:\/\/cedom-madoc.be\/fr\/\"},{\"@type\":\"ListItem\",\"position\":2,\"name\":\"Biblioth\u00e8que\"}]},{\"@type\":\"WebSite\",\"@id\":\"https:\/\/cedom-madoc.be\/fr\/#website\",\"url\":\"https:\/\/cedom-madoc.be\/fr\/\",\"name\":\"Cedom Madoc\",\"description\":\"\",\"publisher\":{\"@id\":\"https:\/\/cedom-madoc.be\/fr\/#organization\"},\"potentialAction\":[{\"@type\":\"SearchAction\",\"target\":{\"@type\":\"EntryPoint\",\"urlTemplate\":\"https:\/\/cedom-madoc.be\/fr\/?s={search_term_string}\"},\"query-input\":{\"@type\":\"PropertyValueSpecification\",\"valueRequired\":true,\"valueName\":\"search_term_string\"}}],\"inLanguage\":\"fr-FR\"},{\"@type\":\"Organization\",\"@id\":\"https:\/\/cedom-madoc.be\/fr\/#organization\",\"name\":\"Cedom Madoc\",\"url\":\"https:\/\/cedom-madoc.be\/fr\/\",\"logo\":{\"@type\":\"ImageObject\",\"inLanguage\":\"fr-FR\",\"@id\":\"https:\/\/cedom-madoc.be\/fr\/#\/schema\/logo\/image\/\",\"url\":\"https:\/\/cedom-madoc.be\/wp-content\/uploads\/2024\/01\/logo-cedom-text-nb.svg\",\"contentUrl\":\"https:\/\/cedom-madoc.be\/wp-content\/uploads\/2024\/01\/logo-cedom-text-nb.svg\",\"caption\":\"Cedom Madoc\"},\"image\":{\"@id\":\"https:\/\/cedom-madoc.be\/fr\/#\/schema\/logo\/image\/\"}}]}<\/script>\n<!-- \/ Yoast SEO plugin. -->","yoast_head_json":{"title":"Biblioth\u00e8que - Cedom Madoc","robots":{"index":"index","follow":"follow","max-snippet":"max-snippet:-1","max-image-preview":"max-image-preview:large","max-video-preview":"max-video-preview:-1"},"canonical":"https:\/\/cedom-madoc.be\/fr\/bibliotheque\/","og_locale":"fr_FR","og_type":"article","og_title":"Biblioth\u00e8que - Cedom Madoc","og_description":"Ouvrages de r\u00e9f\u00e9rence Plusieurs publications qui se trouvent dans notre collection sont consid\u00e9r\u00e9es comme des ouvrages de r\u00e9f\u00e9rence sur l\u2019histoire de la franc-ma\u00e7onnerie en Belgique et peuvent \u00eatre t\u00e9l\u00e9charg\u00e9es directement depuis notre site&nbsp;: Auguste de Wargny, Annales chronologiques, litt\u00e9raires et historiques de la Ma\u00e7onnerie des Pays-Bas, 6 vols., 1822-1829.Auguste de Wargny fut membre de la [&hellip;]","og_url":"https:\/\/cedom-madoc.be\/fr\/bibliotheque\/","og_site_name":"Cedom Madoc","article_modified_time":"2024-02-13T13:31:24+00:00","og_image":[{"width":2000,"height":1333,"url":"https:\/\/cedom-madoc.be\/wp-content\/uploads\/2024\/01\/04-12-2023-21-2000.jpg","type":"image\/jpeg"}],"twitter_card":"summary_large_image","twitter_misc":{"Dur\u00e9e de lecture estim\u00e9e":"2 minutes"},"schema":{"@context":"https:\/\/schema.org","@graph":[{"@type":"WebPage","@id":"https:\/\/cedom-madoc.be\/fr\/bibliotheque\/","url":"https:\/\/cedom-madoc.be\/fr\/bibliotheque\/","name":"Biblioth\u00e8que - Cedom Madoc","isPartOf":{"@id":"https:\/\/cedom-madoc.be\/fr\/#website"},"primaryImageOfPage":{"@id":"https:\/\/cedom-madoc.be\/fr\/bibliotheque\/#primaryimage"},"image":{"@id":"https:\/\/cedom-madoc.be\/fr\/bibliotheque\/#primaryimage"},"thumbnailUrl":"https:\/\/cedom-madoc.be\/wp-content\/uploads\/2024\/01\/04-12-2023-21-2000.jpg","datePublished":"2024-01-12T14:23:44+00:00","dateModified":"2024-02-13T13:31:24+00:00","breadcrumb":{"@id":"https:\/\/cedom-madoc.be\/fr\/bibliotheque\/#breadcrumb"},"inLanguage":"fr-FR","potentialAction":[{"@type":"ReadAction","target":["https:\/\/cedom-madoc.be\/fr\/bibliotheque\/"]}]},{"@type":"ImageObject","inLanguage":"fr-FR","@id":"https:\/\/cedom-madoc.be\/fr\/bibliotheque\/#primaryimage","url":"https:\/\/cedom-madoc.be\/wp-content\/uploads\/2024\/01\/04-12-2023-21-2000.jpg","contentUrl":"https:\/\/cedom-madoc.be\/wp-content\/uploads\/2024\/01\/04-12-2023-21-2000.jpg","width":2000,"height":1333},{"@type":"BreadcrumbList","@id":"https:\/\/cedom-madoc.be\/fr\/bibliotheque\/#breadcrumb","itemListElement":[{"@type":"ListItem","position":1,"name":"Cedom-Madoc","item":"https:\/\/cedom-madoc.be\/fr\/"},{"@type":"ListItem","position":2,"name":"Biblioth\u00e8que"}]},{"@type":"WebSite","@id":"https:\/\/cedom-madoc.be\/fr\/#website","url":"https:\/\/cedom-madoc.be\/fr\/","name":"Cedom Madoc","description":"","publisher":{"@id":"https:\/\/cedom-madoc.be\/fr\/#organization"},"potentialAction":[{"@type":"SearchAction","target":{"@type":"EntryPoint","urlTemplate":"https:\/\/cedom-madoc.be\/fr\/?s={search_term_string}"},"query-input":{"@type":"PropertyValueSpecification","valueRequired":true,"valueName":"search_term_string"}}],"inLanguage":"fr-FR"},{"@type":"Organization","@id":"https:\/\/cedom-madoc.be\/fr\/#organization","name":"Cedom Madoc","url":"https:\/\/cedom-madoc.be\/fr\/","logo":{"@type":"ImageObject","inLanguage":"fr-FR","@id":"https:\/\/cedom-madoc.be\/fr\/#\/schema\/logo\/image\/","url":"https:\/\/cedom-madoc.be\/wp-content\/uploads\/2024\/01\/logo-cedom-text-nb.svg","contentUrl":"https:\/\/cedom-madoc.be\/wp-content\/uploads\/2024\/01\/logo-cedom-text-nb.svg","caption":"Cedom Madoc"},"image":{"@id":"https:\/\/cedom-madoc.be\/fr\/#\/schema\/logo\/image\/"}}]}},"_links":{"self":[{"href":"https:\/\/cedom-madoc.be\/fr\/wp-json\/wp\/v2\/pages\/216"}],"collection":[{"href":"https:\/\/cedom-madoc.be\/fr\/wp-json\/wp\/v2\/pages"}],"about":[{"href":"https:\/\/cedom-madoc.be\/fr\/wp-json\/wp\/v2\/types\/page"}],"author":[{"embeddable":true,"href":"https:\/\/cedom-madoc.be\/fr\/wp-json\/wp\/v2\/users\/1"}],"replies":[{"embeddable":true,"href":"https:\/\/cedom-madoc.be\/fr\/wp-json\/wp\/v2\/comments?post=216"}],"version-history":[{"count":30,"href":"https:\/\/cedom-madoc.be\/fr\/wp-json\/wp\/v2\/pages\/216\/revisions"}],"predecessor-version":[{"id":746,"href":"https:\/\/cedom-madoc.be\/fr\/wp-json\/wp\/v2\/pages\/216\/revisions\/746"}],"wp:featuredmedia":[{"embeddable":true,"href":"https:\/\/cedom-madoc.be\/fr\/wp-json\/wp\/v2\/media\/166"}],"wp:attachment":[{"href":"https:\/\/cedom-madoc.be\/fr\/wp-json\/wp\/v2\/media?parent=216"}],"curies":[{"name":"wp","href":"https:\/\/api.w.org\/{rel}","templated":true}]}}