{"id":218,"date":"2024-01-12T14:23:36","date_gmt":"2024-01-12T14:23:36","guid":{"rendered":"https:\/\/cedom-madoc.be\/archives\/"},"modified":"2025-04-03T12:48:07","modified_gmt":"2025-04-03T12:48:07","slug":"archives","status":"publish","type":"page","link":"https:\/\/cedom-madoc.be\/fr\/archives\/","title":{"rendered":"Archives"},"content":{"rendered":"\n<h2 class=\"wp-block-heading\">Informations g\u00e9n\u00e9rales<\/h2>\n\n\n\n<p>La plupart des documents d\u2019archives du CEDOM sont consultables librement. <br><br>Nous demandons simplement aux visiteurs de prendre rendez-vous.<\/p>\n\n\n\n<div class=\"wp-block-buttons is-layout-flex wp-block-buttons-is-layout-flex\">\n<div class=\"wp-block-button\"><a class=\"wp-block-button__link wp-element-button\" href=\"https:\/\/cedom-madoc.be\/wp-content\/uploads\/2025\/04\/EGFC_FR_01-01-2025.pdf\" target=\"_blank\" rel=\"noreferrer noopener\">\u00c9tat des fonds et collections<\/a><\/div>\n<\/div>\n\n\n\n<h2 class=\"wp-block-heading\">R\u00e8glement d\u2019acc\u00e8s sp\u00e9cial<\/h2>\n\n\n\n<p>Certaines archives g\u00e9r\u00e9es par le CEDOM sont soumises \u00e0 des conditions particuli\u00e8res.<br><br>\u00c0 cette fin, chaque archive a re\u00e7u un code de lettre distinct.<\/p>\n\n\n<section id=\"block-columns-block_00fc69f47f2595610ff5614ecee686b0\" class=\"block-columns\"><ul class=columns><li class=\"count-3\"><div class=image-wrapper><img decoding=\"async\" class=logo src=\"https:\/\/cedom-madoc.be\/wp-content\/uploads\/2024\/01\/04-12-2023-21-2000-1024x682.jpg\" height=\"682\" width=\"1024\" alt=\"\"><\/div><h3>CLASSE A: Consultation libre<\/h3><div class=\"text\"><p>L&rsquo;acc\u00e8s est accord\u00e9 au chercheur par le directeur du CEDOM sans aucune restriction.<\/p>\n<\/div><\/li><li class=\"count-3\"><div class=image-wrapper><img decoding=\"async\" class=logo src=\"https:\/\/cedom-madoc.be\/wp-content\/uploads\/2024\/01\/04-12-2023-15-2000-1024x682.jpg\" height=\"682\" width=\"1024\" alt=\"\"><\/div><h3>CLASSE B: Conditions de consultation du CEDOM<\/h3><div class=\"text\"><p>B1: L&rsquo;acc\u00e8s est accord\u00e9 sans \u00a0restriction, \u00e0 l&rsquo;exception de la documentation datant d&rsquo;apr\u00e8s l&rsquo;ann\u00e9e 1950.<\/p>\n<p>B2 L&rsquo;acc\u00e8s est accord\u00e9 sans \u00a0restriction, \u00e0 l&rsquo;exception de la documentation datant de moins de 75 ans.<\/p>\n<p>Cela est fait pour respecter la vie priv\u00e9e des francs-ma\u00e7ons vivants ou r\u00e9cemment d\u00e9c\u00e9d\u00e9s et de leurs familles.<\/p>\n<\/div><\/li><li class=\"count-3\"><div class=image-wrapper><img decoding=\"async\" class=logo src=\"https:\/\/cedom-madoc.be\/wp-content\/uploads\/2024\/01\/04-12-2023-32-2000-1024x683.jpg\" height=\"683\" width=\"1024\" alt=\"\"><\/div><h3>CLASSE C: Conditions de consultation sp\u00e9ciales par des tiers<\/h3><div class=\"text\"><p>L&rsquo;acc\u00e8s est accord\u00e9 au chercheur par le directeur du CEDOM, sous r\u00e9serve d&rsquo;une autorisation \u00e9crite pr\u00e9alable du donateur du d\u00e9p\u00f4t. Cela est fait pour respecter la vie priv\u00e9e des francs-ma\u00e7ons vivants ou r\u00e9cemment d\u00e9c\u00e9d\u00e9s et de leurs familles.<\/p>\n<\/div><\/li><\/ul><\/section>\n\n\n<p>Concr\u00e8tement, dans le cas d&rsquo;une archive de cat\u00e9gorie C, le chercheur soumet deux documents au directeur du CEDOM. Dans le premier document, le chercheur se pr\u00e9sente. Dans le deuxi\u00e8me document, il pr\u00e9cise quels documents il souhaite consulter et pour quelles raisons.<br><br>Le directeur du CEDOM sollicite ensuite l&rsquo;autorisation du donateur du d\u00e9p\u00f4t pour le chercheur. C&rsquo;est le donateur du d\u00e9p\u00f4t qui d\u00e9cide de l&rsquo;acc\u00e8s aux archives.<\/p>\n\n\n\n<h2 class=\"wp-block-heading\">Avez-vous des archives ?&nbsp;<\/h2>\n\n\n\n<p>La conservation des archives ma\u00e7onniques est au c\u0153ur du fonctionnement du Cedom.&nbsp;<\/p>\n\n\n\n<p>Nous recevons en d\u00e9p\u00f4t les archives des associations ma\u00e7onniques. Cela se fait par le biais d&rsquo;un pr\u00eat \u00e0 long terme. L&rsquo;association reste propri\u00e9taire de ses archives et peut compter sur une conservation professionnelle. Si n\u00e9cessaire, le Cedom nettoiera, inventoriera et emballera les archives \u00e0 ses propres frais. La conservation et la consultation se font selon les souhaits de l&rsquo;association.&nbsp;<\/p>\n\n\n\n<p>Le Cedom est l\u00e0 pour vous !&nbsp;<\/p>\n\n\n\n<h2 class=\"wp-block-heading\">Comment conserver mes archives ?&nbsp;<\/h2>\n\n\n\n<p>Les associations ma\u00e7onniques peuvent faire appel au Cedom pour obtenir des conseils sur la protection et la conservation de leurs archives.&nbsp;<\/p>\n\n\n\n<p>\u00c0 cette fin, nous mettons \u00e9galement \u00e0 disposition un guide, comprenant une liste de contr\u00f4le simple, intitul\u00e9 \u00ab\u00a0Au secours ! J&rsquo;ai une archive\u00a0\u00bb. Les collaborateurs du Cedom se rendent \u00e9galement sur place avec plaisir pour aider \u00e0 \u00e9valuer l&rsquo;\u00e9tat des archives.&nbsp;<\/p>\n\n\n\n<p>Le Cedom est l\u00e0 pour aider !<\/p>\n\n\n\n<div class=\"wp-block-buttons is-content-justification-center is-layout-flex wp-container-core-buttons-is-layout-2 wp-block-buttons-is-layout-flex\">\n<div class=\"wp-block-button\"><a class=\"wp-block-button__link wp-element-button\" href=\"https:\/\/cedom-madoc.be\/wp-content\/uploads\/2024\/04\/Prevention-dommages-archives.pdf\" target=\"_blank\" rel=\"noreferrer noopener\">Auto-\u00e9valuation<\/a><\/div>\n<\/div>\n\n\n<section id=\"internal-navigation-block_455d7ebbb03b832177fc42ee2b07a04b\" class=\"internal-navigation\"><h4>Voir plus<\/h4><div class=nav-bg style=\"background-image:url(https:\/\/cedom-madoc.be\/wp-content\/uploads\/2024\/01\/04-12-2023-16-2000.jpg);\"><\/div><nav class=content-wrapper><ul class=links><li class=\"count-2\"><a class=\"button block cut-corners cut-1\" href=\"https:\/\/www.udesk-cedom.eu\/ucat\/main\/fre\" title=\"Catalogue\" target=\"_blank\">Catalogue<\/a><\/li><li class=\"count-2\"><a class=\"button block cut-corners cut-1\" href=\"https:\/\/cedom-madoc.be\/fr\/news\/\" title=\"News\" target=\"\">News<\/a><\/li><\/ul><\/nav><\/section>","protected":false},"excerpt":{"rendered":"<p>Informations g\u00e9n\u00e9rales La plupart des documents d\u2019archives du CEDOM sont consultables librement. Nous demandons simplement aux visiteurs de prendre rendez-vous. R\u00e8glement d\u2019acc\u00e8s sp\u00e9cial Certaines archives g\u00e9r\u00e9es par le CEDOM sont soumises \u00e0 des conditions particuli\u00e8res. \u00c0 cette fin, chaque archive a re\u00e7u un code de lettre distinct. Concr\u00e8tement, dans le cas d&rsquo;une archive de cat\u00e9gorie [&hellip;]<\/p>\n","protected":false},"author":1,"featured_media":172,"parent":0,"menu_order":0,"comment_status":"closed","ping_status":"closed","template":"","meta":{"_acf_changed":false,"footnotes":""},"acf":[],"yoast_head":"<!-- This site is optimized with the Yoast SEO plugin v24.5 - https:\/\/yoast.com\/wordpress\/plugins\/seo\/ -->\n<title>Archives - Cedom Madoc<\/title>\n<meta name=\"robots\" content=\"index, follow, max-snippet:-1, max-image-preview:large, max-video-preview:-1\" \/>\n<link rel=\"canonical\" href=\"https:\/\/cedom-madoc.be\/fr\/archives\/\" \/>\n<meta property=\"og:locale\" content=\"fr_FR\" \/>\n<meta property=\"og:type\" content=\"article\" \/>\n<meta property=\"og:title\" content=\"Archives - Cedom Madoc\" \/>\n<meta property=\"og:description\" content=\"Informations g\u00e9n\u00e9rales La plupart des documents d\u2019archives du CEDOM sont consultables librement. Nous demandons simplement aux visiteurs de prendre rendez-vous. R\u00e8glement d\u2019acc\u00e8s sp\u00e9cial Certaines archives g\u00e9r\u00e9es par le CEDOM sont soumises \u00e0 des conditions particuli\u00e8res. \u00c0 cette fin, chaque archive a re\u00e7u un code de lettre distinct. Concr\u00e8tement, dans le cas d&rsquo;une archive de cat\u00e9gorie [&hellip;]\" \/>\n<meta property=\"og:url\" content=\"https:\/\/cedom-madoc.be\/fr\/archives\/\" \/>\n<meta property=\"og:site_name\" content=\"Cedom Madoc\" \/>\n<meta property=\"article:modified_time\" content=\"2025-04-03T12:48:07+00:00\" \/>\n<meta property=\"og:image\" content=\"https:\/\/cedom-madoc.be\/wp-content\/uploads\/2024\/01\/04-12-2023-32-2000.jpg\" \/>\n\t<meta property=\"og:image:width\" content=\"2000\" \/>\n\t<meta property=\"og:image:height\" content=\"1334\" \/>\n\t<meta property=\"og:image:type\" content=\"image\/jpeg\" \/>\n<meta name=\"twitter:card\" content=\"summary_large_image\" \/>\n<meta name=\"twitter:label1\" content=\"Dur\u00e9e de lecture estim\u00e9e\" \/>\n\t<meta name=\"twitter:data1\" content=\"2 minutes\" \/>\n<script type=\"application\/ld+json\" class=\"yoast-schema-graph\">{\"@context\":\"https:\/\/schema.org\",\"@graph\":[{\"@type\":\"WebPage\",\"@id\":\"https:\/\/cedom-madoc.be\/fr\/archives\/\",\"url\":\"https:\/\/cedom-madoc.be\/fr\/archives\/\",\"name\":\"Archives - Cedom Madoc\",\"isPartOf\":{\"@id\":\"https:\/\/cedom-madoc.be\/fr\/#website\"},\"primaryImageOfPage\":{\"@id\":\"https:\/\/cedom-madoc.be\/fr\/archives\/#primaryimage\"},\"image\":{\"@id\":\"https:\/\/cedom-madoc.be\/fr\/archives\/#primaryimage\"},\"thumbnailUrl\":\"https:\/\/cedom-madoc.be\/wp-content\/uploads\/2024\/01\/04-12-2023-32-2000.jpg\",\"datePublished\":\"2024-01-12T14:23:36+00:00\",\"dateModified\":\"2025-04-03T12:48:07+00:00\",\"breadcrumb\":{\"@id\":\"https:\/\/cedom-madoc.be\/fr\/archives\/#breadcrumb\"},\"inLanguage\":\"fr-FR\",\"potentialAction\":[{\"@type\":\"ReadAction\",\"target\":[\"https:\/\/cedom-madoc.be\/fr\/archives\/\"]}]},{\"@type\":\"ImageObject\",\"inLanguage\":\"fr-FR\",\"@id\":\"https:\/\/cedom-madoc.be\/fr\/archives\/#primaryimage\",\"url\":\"https:\/\/cedom-madoc.be\/wp-content\/uploads\/2024\/01\/04-12-2023-32-2000.jpg\",\"contentUrl\":\"https:\/\/cedom-madoc.be\/wp-content\/uploads\/2024\/01\/04-12-2023-32-2000.jpg\",\"width\":2000,\"height\":1334},{\"@type\":\"BreadcrumbList\",\"@id\":\"https:\/\/cedom-madoc.be\/fr\/archives\/#breadcrumb\",\"itemListElement\":[{\"@type\":\"ListItem\",\"position\":1,\"name\":\"Cedom-Madoc\",\"item\":\"https:\/\/cedom-madoc.be\/fr\/\"},{\"@type\":\"ListItem\",\"position\":2,\"name\":\"Archives\"}]},{\"@type\":\"WebSite\",\"@id\":\"https:\/\/cedom-madoc.be\/fr\/#website\",\"url\":\"https:\/\/cedom-madoc.be\/fr\/\",\"name\":\"Cedom Madoc\",\"description\":\"\",\"publisher\":{\"@id\":\"https:\/\/cedom-madoc.be\/fr\/#organization\"},\"potentialAction\":[{\"@type\":\"SearchAction\",\"target\":{\"@type\":\"EntryPoint\",\"urlTemplate\":\"https:\/\/cedom-madoc.be\/fr\/?s={search_term_string}\"},\"query-input\":{\"@type\":\"PropertyValueSpecification\",\"valueRequired\":true,\"valueName\":\"search_term_string\"}}],\"inLanguage\":\"fr-FR\"},{\"@type\":\"Organization\",\"@id\":\"https:\/\/cedom-madoc.be\/fr\/#organization\",\"name\":\"Cedom Madoc\",\"url\":\"https:\/\/cedom-madoc.be\/fr\/\",\"logo\":{\"@type\":\"ImageObject\",\"inLanguage\":\"fr-FR\",\"@id\":\"https:\/\/cedom-madoc.be\/fr\/#\/schema\/logo\/image\/\",\"url\":\"https:\/\/cedom-madoc.be\/wp-content\/uploads\/2024\/01\/logo-cedom-text-nb.svg\",\"contentUrl\":\"https:\/\/cedom-madoc.be\/wp-content\/uploads\/2024\/01\/logo-cedom-text-nb.svg\",\"caption\":\"Cedom Madoc\"},\"image\":{\"@id\":\"https:\/\/cedom-madoc.be\/fr\/#\/schema\/logo\/image\/\"}}]}<\/script>\n<!-- \/ Yoast SEO plugin. -->","yoast_head_json":{"title":"Archives - Cedom Madoc","robots":{"index":"index","follow":"follow","max-snippet":"max-snippet:-1","max-image-preview":"max-image-preview:large","max-video-preview":"max-video-preview:-1"},"canonical":"https:\/\/cedom-madoc.be\/fr\/archives\/","og_locale":"fr_FR","og_type":"article","og_title":"Archives - Cedom Madoc","og_description":"Informations g\u00e9n\u00e9rales La plupart des documents d\u2019archives du CEDOM sont consultables librement. Nous demandons simplement aux visiteurs de prendre rendez-vous. R\u00e8glement d\u2019acc\u00e8s sp\u00e9cial Certaines archives g\u00e9r\u00e9es par le CEDOM sont soumises \u00e0 des conditions particuli\u00e8res. \u00c0 cette fin, chaque archive a re\u00e7u un code de lettre distinct. Concr\u00e8tement, dans le cas d&rsquo;une archive de cat\u00e9gorie [&hellip;]","og_url":"https:\/\/cedom-madoc.be\/fr\/archives\/","og_site_name":"Cedom Madoc","article_modified_time":"2025-04-03T12:48:07+00:00","og_image":[{"width":2000,"height":1334,"url":"https:\/\/cedom-madoc.be\/wp-content\/uploads\/2024\/01\/04-12-2023-32-2000.jpg","type":"image\/jpeg"}],"twitter_card":"summary_large_image","twitter_misc":{"Dur\u00e9e de lecture estim\u00e9e":"2 minutes"},"schema":{"@context":"https:\/\/schema.org","@graph":[{"@type":"WebPage","@id":"https:\/\/cedom-madoc.be\/fr\/archives\/","url":"https:\/\/cedom-madoc.be\/fr\/archives\/","name":"Archives - Cedom Madoc","isPartOf":{"@id":"https:\/\/cedom-madoc.be\/fr\/#website"},"primaryImageOfPage":{"@id":"https:\/\/cedom-madoc.be\/fr\/archives\/#primaryimage"},"image":{"@id":"https:\/\/cedom-madoc.be\/fr\/archives\/#primaryimage"},"thumbnailUrl":"https:\/\/cedom-madoc.be\/wp-content\/uploads\/2024\/01\/04-12-2023-32-2000.jpg","datePublished":"2024-01-12T14:23:36+00:00","dateModified":"2025-04-03T12:48:07+00:00","breadcrumb":{"@id":"https:\/\/cedom-madoc.be\/fr\/archives\/#breadcrumb"},"inLanguage":"fr-FR","potentialAction":[{"@type":"ReadAction","target":["https:\/\/cedom-madoc.be\/fr\/archives\/"]}]},{"@type":"ImageObject","inLanguage":"fr-FR","@id":"https:\/\/cedom-madoc.be\/fr\/archives\/#primaryimage","url":"https:\/\/cedom-madoc.be\/wp-content\/uploads\/2024\/01\/04-12-2023-32-2000.jpg","contentUrl":"https:\/\/cedom-madoc.be\/wp-content\/uploads\/2024\/01\/04-12-2023-32-2000.jpg","width":2000,"height":1334},{"@type":"BreadcrumbList","@id":"https:\/\/cedom-madoc.be\/fr\/archives\/#breadcrumb","itemListElement":[{"@type":"ListItem","position":1,"name":"Cedom-Madoc","item":"https:\/\/cedom-madoc.be\/fr\/"},{"@type":"ListItem","position":2,"name":"Archives"}]},{"@type":"WebSite","@id":"https:\/\/cedom-madoc.be\/fr\/#website","url":"https:\/\/cedom-madoc.be\/fr\/","name":"Cedom Madoc","description":"","publisher":{"@id":"https:\/\/cedom-madoc.be\/fr\/#organization"},"potentialAction":[{"@type":"SearchAction","target":{"@type":"EntryPoint","urlTemplate":"https:\/\/cedom-madoc.be\/fr\/?s={search_term_string}"},"query-input":{"@type":"PropertyValueSpecification","valueRequired":true,"valueName":"search_term_string"}}],"inLanguage":"fr-FR"},{"@type":"Organization","@id":"https:\/\/cedom-madoc.be\/fr\/#organization","name":"Cedom Madoc","url":"https:\/\/cedom-madoc.be\/fr\/","logo":{"@type":"ImageObject","inLanguage":"fr-FR","@id":"https:\/\/cedom-madoc.be\/fr\/#\/schema\/logo\/image\/","url":"https:\/\/cedom-madoc.be\/wp-content\/uploads\/2024\/01\/logo-cedom-text-nb.svg","contentUrl":"https:\/\/cedom-madoc.be\/wp-content\/uploads\/2024\/01\/logo-cedom-text-nb.svg","caption":"Cedom Madoc"},"image":{"@id":"https:\/\/cedom-madoc.be\/fr\/#\/schema\/logo\/image\/"}}]}},"_links":{"self":[{"href":"https:\/\/cedom-madoc.be\/fr\/wp-json\/wp\/v2\/pages\/218"}],"collection":[{"href":"https:\/\/cedom-madoc.be\/fr\/wp-json\/wp\/v2\/pages"}],"about":[{"href":"https:\/\/cedom-madoc.be\/fr\/wp-json\/wp\/v2\/types\/page"}],"author":[{"embeddable":true,"href":"https:\/\/cedom-madoc.be\/fr\/wp-json\/wp\/v2\/users\/1"}],"replies":[{"embeddable":true,"href":"https:\/\/cedom-madoc.be\/fr\/wp-json\/wp\/v2\/comments?post=218"}],"version-history":[{"count":38,"href":"https:\/\/cedom-madoc.be\/fr\/wp-json\/wp\/v2\/pages\/218\/revisions"}],"predecessor-version":[{"id":948,"href":"https:\/\/cedom-madoc.be\/fr\/wp-json\/wp\/v2\/pages\/218\/revisions\/948"}],"wp:featuredmedia":[{"embeddable":true,"href":"https:\/\/cedom-madoc.be\/fr\/wp-json\/wp\/v2\/media\/172"}],"wp:attachment":[{"href":"https:\/\/cedom-madoc.be\/fr\/wp-json\/wp\/v2\/media?parent=218"}],"curies":[{"name":"wp","href":"https:\/\/api.w.org\/{rel}","templated":true}]}}