{"id":247,"date":"2024-01-12T14:24:33","date_gmt":"2024-01-12T14:24:33","guid":{"rendered":"https:\/\/cedom-madoc.be\/museum\/"},"modified":"2024-07-10T07:10:43","modified_gmt":"2024-07-10T07:10:43","slug":"musee","status":"publish","type":"page","link":"https:\/\/cedom-madoc.be\/fr\/musee\/","title":{"rendered":"Mus\u00e9e"},"content":{"rendered":"<section id=\"block-intro-block_cb7a6b0fca7d173cef7a0c57816d2d9f\" class=\"block-intro\"><div class=content-wrapper><div class=intro><p>Le Mus\u00e9e Belge de la Franc-Ma\u00e7onnerie est log\u00e9 au centre de Bruxelles dans l&rsquo;H\u00f4tel Dewez, maison historique du XVIIIe si\u00e8cle.<\/p>\n<\/div><\/div><\/section>\n\n\n<p>Le mus\u00e9e offre un aper\u00e7u de la culture ma\u00e7onnique en mettant l&rsquo;accent sur les normes et les valeurs de la franc-ma\u00e7onnerie. Le mus\u00e9e retrace \u00e9galement l&rsquo;histoire de la franc-ma\u00e7onnerie en Belgique en accordant une attention particuli\u00e8re \u00e0 son patrimoine et \u00e0 sa diversit\u00e9.<br><\/p>\n\n\n\n<div class=\"wp-block-buttons is-layout-flex wp-block-buttons-is-layout-flex\">\n<div class=\"wp-block-button\"><a class=\"wp-block-button__link wp-element-button\" href=\"\/\/mbfm.be\/wp\/fr\/intro\/\" target=\"_blank\" rel=\"noreferrer noopener\">Plus d&rsquo;information sur le Mus\u00e9e Belge de la Franc-Ma\u00e7onnerie<\/a><\/div>\n<\/div>\n\n\n<section id=\"internal-navigation-block_4f1e0bb19b7b5fbd6c3f97b8908fc268\" class=\"internal-navigation\"><h4>Voir plus<\/h4><div class=nav-bg style=\"background-image:url(https:\/\/cedom-madoc.be\/wp-content\/uploads\/2024\/01\/IMG_001-15-2000.jpg);\"><\/div><nav class=content-wrapper><ul class=links><li class=\"count-2\"><a class=\"button block cut-corners cut-1\" href=\"https:\/\/www.udesk-cedom.eu\/ucat\/main\/fre\" title=\"Catalogue du Cedom\" target=\"_blank\">Catalogue du Cedom<\/a><\/li><li class=\"count-2\"><a class=\"button block cut-corners cut-1\" href=\"https:\/\/cedom-madoc.be\/fr\/bibliotheque\/\" title=\"Biblioth\u00e8que\" target=\"\">Biblioth\u00e8que<\/a><\/li><\/ul><\/nav><\/section>","protected":false},"excerpt":{"rendered":"<p>Le mus\u00e9e offre un aper\u00e7u de la culture ma\u00e7onnique en mettant l&rsquo;accent sur les normes et les valeurs de la franc-ma\u00e7onnerie. Le mus\u00e9e retrace \u00e9galement l&rsquo;histoire de la franc-ma\u00e7onnerie en Belgique en accordant une attention particuli\u00e8re \u00e0 son patrimoine et \u00e0 sa diversit\u00e9.<\/p>\n","protected":false},"author":1,"featured_media":238,"parent":0,"menu_order":0,"comment_status":"closed","ping_status":"closed","template":"","meta":{"_acf_changed":false,"footnotes":""},"acf":[],"yoast_head":"<!-- This site is optimized with the Yoast SEO plugin v24.5 - https:\/\/yoast.com\/wordpress\/plugins\/seo\/ -->\n<title>Mus\u00e9e - Cedom Madoc<\/title>\n<meta name=\"robots\" content=\"index, follow, max-snippet:-1, max-image-preview:large, max-video-preview:-1\" \/>\n<link rel=\"canonical\" href=\"https:\/\/cedom-madoc.be\/fr\/musee\/\" \/>\n<meta property=\"og:locale\" content=\"fr_FR\" \/>\n<meta property=\"og:type\" content=\"article\" \/>\n<meta property=\"og:title\" content=\"Mus\u00e9e - Cedom Madoc\" \/>\n<meta property=\"og:description\" content=\"Le mus\u00e9e offre un aper\u00e7u de la culture ma\u00e7onnique en mettant l&rsquo;accent sur les normes et les valeurs de la franc-ma\u00e7onnerie. Le mus\u00e9e retrace \u00e9galement l&rsquo;histoire de la franc-ma\u00e7onnerie en Belgique en accordant une attention particuli\u00e8re \u00e0 son patrimoine et \u00e0 sa diversit\u00e9.\" \/>\n<meta property=\"og:url\" content=\"https:\/\/cedom-madoc.be\/fr\/musee\/\" \/>\n<meta property=\"og:site_name\" content=\"Cedom Madoc\" \/>\n<meta property=\"article:modified_time\" content=\"2024-07-10T07:10:43+00:00\" \/>\n<meta property=\"og:image\" content=\"https:\/\/cedom-madoc.be\/wp-content\/uploads\/2024\/01\/IMG_1254-1800.jpg\" \/>\n\t<meta property=\"og:image:width\" content=\"1800\" \/>\n\t<meta property=\"og:image:height\" content=\"2400\" \/>\n\t<meta property=\"og:image:type\" content=\"image\/jpeg\" \/>\n<meta name=\"twitter:card\" content=\"summary_large_image\" \/>\n<meta name=\"twitter:label1\" content=\"Dur\u00e9e de lecture estim\u00e9e\" \/>\n\t<meta name=\"twitter:data1\" content=\"1 minute\" \/>\n<script type=\"application\/ld+json\" class=\"yoast-schema-graph\">{\"@context\":\"https:\/\/schema.org\",\"@graph\":[{\"@type\":\"WebPage\",\"@id\":\"https:\/\/cedom-madoc.be\/fr\/musee\/\",\"url\":\"https:\/\/cedom-madoc.be\/fr\/musee\/\",\"name\":\"Mus\u00e9e - Cedom Madoc\",\"isPartOf\":{\"@id\":\"https:\/\/cedom-madoc.be\/fr\/#website\"},\"primaryImageOfPage\":{\"@id\":\"https:\/\/cedom-madoc.be\/fr\/musee\/#primaryimage\"},\"image\":{\"@id\":\"https:\/\/cedom-madoc.be\/fr\/musee\/#primaryimage\"},\"thumbnailUrl\":\"https:\/\/cedom-madoc.be\/wp-content\/uploads\/2024\/01\/IMG_1254-1800.jpg\",\"datePublished\":\"2024-01-12T14:24:33+00:00\",\"dateModified\":\"2024-07-10T07:10:43+00:00\",\"breadcrumb\":{\"@id\":\"https:\/\/cedom-madoc.be\/fr\/musee\/#breadcrumb\"},\"inLanguage\":\"fr-FR\",\"potentialAction\":[{\"@type\":\"ReadAction\",\"target\":[\"https:\/\/cedom-madoc.be\/fr\/musee\/\"]}]},{\"@type\":\"ImageObject\",\"inLanguage\":\"fr-FR\",\"@id\":\"https:\/\/cedom-madoc.be\/fr\/musee\/#primaryimage\",\"url\":\"https:\/\/cedom-madoc.be\/wp-content\/uploads\/2024\/01\/IMG_1254-1800.jpg\",\"contentUrl\":\"https:\/\/cedom-madoc.be\/wp-content\/uploads\/2024\/01\/IMG_1254-1800.jpg\",\"width\":1800,\"height\":2400,\"caption\":\"GOB Museum\"},{\"@type\":\"BreadcrumbList\",\"@id\":\"https:\/\/cedom-madoc.be\/fr\/musee\/#breadcrumb\",\"itemListElement\":[{\"@type\":\"ListItem\",\"position\":1,\"name\":\"Cedom-Madoc\",\"item\":\"https:\/\/cedom-madoc.be\/fr\/\"},{\"@type\":\"ListItem\",\"position\":2,\"name\":\"Mus\u00e9e\"}]},{\"@type\":\"WebSite\",\"@id\":\"https:\/\/cedom-madoc.be\/fr\/#website\",\"url\":\"https:\/\/cedom-madoc.be\/fr\/\",\"name\":\"Cedom Madoc\",\"description\":\"\",\"publisher\":{\"@id\":\"https:\/\/cedom-madoc.be\/fr\/#organization\"},\"potentialAction\":[{\"@type\":\"SearchAction\",\"target\":{\"@type\":\"EntryPoint\",\"urlTemplate\":\"https:\/\/cedom-madoc.be\/fr\/?s={search_term_string}\"},\"query-input\":{\"@type\":\"PropertyValueSpecification\",\"valueRequired\":true,\"valueName\":\"search_term_string\"}}],\"inLanguage\":\"fr-FR\"},{\"@type\":\"Organization\",\"@id\":\"https:\/\/cedom-madoc.be\/fr\/#organization\",\"name\":\"Cedom Madoc\",\"url\":\"https:\/\/cedom-madoc.be\/fr\/\",\"logo\":{\"@type\":\"ImageObject\",\"inLanguage\":\"fr-FR\",\"@id\":\"https:\/\/cedom-madoc.be\/fr\/#\/schema\/logo\/image\/\",\"url\":\"https:\/\/cedom-madoc.be\/wp-content\/uploads\/2024\/01\/logo-cedom-text-nb.svg\",\"contentUrl\":\"https:\/\/cedom-madoc.be\/wp-content\/uploads\/2024\/01\/logo-cedom-text-nb.svg\",\"caption\":\"Cedom Madoc\"},\"image\":{\"@id\":\"https:\/\/cedom-madoc.be\/fr\/#\/schema\/logo\/image\/\"}}]}<\/script>\n<!-- \/ Yoast SEO plugin. -->","yoast_head_json":{"title":"Mus\u00e9e - Cedom Madoc","robots":{"index":"index","follow":"follow","max-snippet":"max-snippet:-1","max-image-preview":"max-image-preview:large","max-video-preview":"max-video-preview:-1"},"canonical":"https:\/\/cedom-madoc.be\/fr\/musee\/","og_locale":"fr_FR","og_type":"article","og_title":"Mus\u00e9e - Cedom Madoc","og_description":"Le mus\u00e9e offre un aper\u00e7u de la culture ma\u00e7onnique en mettant l&rsquo;accent sur les normes et les valeurs de la franc-ma\u00e7onnerie. Le mus\u00e9e retrace \u00e9galement l&rsquo;histoire de la franc-ma\u00e7onnerie en Belgique en accordant une attention particuli\u00e8re \u00e0 son patrimoine et \u00e0 sa diversit\u00e9.","og_url":"https:\/\/cedom-madoc.be\/fr\/musee\/","og_site_name":"Cedom Madoc","article_modified_time":"2024-07-10T07:10:43+00:00","og_image":[{"width":1800,"height":2400,"url":"https:\/\/cedom-madoc.be\/wp-content\/uploads\/2024\/01\/IMG_1254-1800.jpg","type":"image\/jpeg"}],"twitter_card":"summary_large_image","twitter_misc":{"Dur\u00e9e de lecture estim\u00e9e":"1 minute"},"schema":{"@context":"https:\/\/schema.org","@graph":[{"@type":"WebPage","@id":"https:\/\/cedom-madoc.be\/fr\/musee\/","url":"https:\/\/cedom-madoc.be\/fr\/musee\/","name":"Mus\u00e9e - Cedom Madoc","isPartOf":{"@id":"https:\/\/cedom-madoc.be\/fr\/#website"},"primaryImageOfPage":{"@id":"https:\/\/cedom-madoc.be\/fr\/musee\/#primaryimage"},"image":{"@id":"https:\/\/cedom-madoc.be\/fr\/musee\/#primaryimage"},"thumbnailUrl":"https:\/\/cedom-madoc.be\/wp-content\/uploads\/2024\/01\/IMG_1254-1800.jpg","datePublished":"2024-01-12T14:24:33+00:00","dateModified":"2024-07-10T07:10:43+00:00","breadcrumb":{"@id":"https:\/\/cedom-madoc.be\/fr\/musee\/#breadcrumb"},"inLanguage":"fr-FR","potentialAction":[{"@type":"ReadAction","target":["https:\/\/cedom-madoc.be\/fr\/musee\/"]}]},{"@type":"ImageObject","inLanguage":"fr-FR","@id":"https:\/\/cedom-madoc.be\/fr\/musee\/#primaryimage","url":"https:\/\/cedom-madoc.be\/wp-content\/uploads\/2024\/01\/IMG_1254-1800.jpg","contentUrl":"https:\/\/cedom-madoc.be\/wp-content\/uploads\/2024\/01\/IMG_1254-1800.jpg","width":1800,"height":2400,"caption":"GOB Museum"},{"@type":"BreadcrumbList","@id":"https:\/\/cedom-madoc.be\/fr\/musee\/#breadcrumb","itemListElement":[{"@type":"ListItem","position":1,"name":"Cedom-Madoc","item":"https:\/\/cedom-madoc.be\/fr\/"},{"@type":"ListItem","position":2,"name":"Mus\u00e9e"}]},{"@type":"WebSite","@id":"https:\/\/cedom-madoc.be\/fr\/#website","url":"https:\/\/cedom-madoc.be\/fr\/","name":"Cedom Madoc","description":"","publisher":{"@id":"https:\/\/cedom-madoc.be\/fr\/#organization"},"potentialAction":[{"@type":"SearchAction","target":{"@type":"EntryPoint","urlTemplate":"https:\/\/cedom-madoc.be\/fr\/?s={search_term_string}"},"query-input":{"@type":"PropertyValueSpecification","valueRequired":true,"valueName":"search_term_string"}}],"inLanguage":"fr-FR"},{"@type":"Organization","@id":"https:\/\/cedom-madoc.be\/fr\/#organization","name":"Cedom Madoc","url":"https:\/\/cedom-madoc.be\/fr\/","logo":{"@type":"ImageObject","inLanguage":"fr-FR","@id":"https:\/\/cedom-madoc.be\/fr\/#\/schema\/logo\/image\/","url":"https:\/\/cedom-madoc.be\/wp-content\/uploads\/2024\/01\/logo-cedom-text-nb.svg","contentUrl":"https:\/\/cedom-madoc.be\/wp-content\/uploads\/2024\/01\/logo-cedom-text-nb.svg","caption":"Cedom Madoc"},"image":{"@id":"https:\/\/cedom-madoc.be\/fr\/#\/schema\/logo\/image\/"}}]}},"_links":{"self":[{"href":"https:\/\/cedom-madoc.be\/fr\/wp-json\/wp\/v2\/pages\/247"}],"collection":[{"href":"https:\/\/cedom-madoc.be\/fr\/wp-json\/wp\/v2\/pages"}],"about":[{"href":"https:\/\/cedom-madoc.be\/fr\/wp-json\/wp\/v2\/types\/page"}],"author":[{"embeddable":true,"href":"https:\/\/cedom-madoc.be\/fr\/wp-json\/wp\/v2\/users\/1"}],"replies":[{"embeddable":true,"href":"https:\/\/cedom-madoc.be\/fr\/wp-json\/wp\/v2\/comments?post=247"}],"version-history":[{"count":18,"href":"https:\/\/cedom-madoc.be\/fr\/wp-json\/wp\/v2\/pages\/247\/revisions"}],"predecessor-version":[{"id":865,"href":"https:\/\/cedom-madoc.be\/fr\/wp-json\/wp\/v2\/pages\/247\/revisions\/865"}],"wp:featuredmedia":[{"embeddable":true,"href":"https:\/\/cedom-madoc.be\/fr\/wp-json\/wp\/v2\/media\/238"}],"wp:attachment":[{"href":"https:\/\/cedom-madoc.be\/fr\/wp-json\/wp\/v2\/media?parent=247"}],"curies":[{"name":"wp","href":"https:\/\/api.w.org\/{rel}","templated":true}]}}