{"id":671,"date":"2024-02-07T15:57:10","date_gmt":"2024-02-07T15:57:10","guid":{"rendered":"https:\/\/cedom-madoc.be\/?page_id=671"},"modified":"2024-09-02T07:44:53","modified_gmt":"2024-09-02T07:44:53","slug":"qui-sommes-nous","status":"publish","type":"page","link":"https:\/\/cedom-madoc.be\/fr\/qui-sommes-nous\/","title":{"rendered":"Qui sommes-nous ?"},"content":{"rendered":"\n<p><em>David Vergauwen \u2013 Directeur<\/em><\/p>\n\n\n\n<p>David a \u00e9tudi\u00e9 l&rsquo;histoire, l&rsquo;histoire de l&rsquo;art et la musicologie aux universit\u00e9s de Gand et de Bruxelles, obtenant son doctorat en histoire \u00e0 la VUB. Il est notamment l&rsquo;auteur de \u00ab\u00a0Kolommen van Harmonie\u00a0\u00bb (2015) et \u00ab\u00a0Ma\u00e7onnieke chansons\u00a0\u00bb (2017). Depuis 2023, il est le directeur du CEDOM. Il r\u00e9side \u00e0 Bruges.<\/p>\n\n\n\n<figure class=\"wp-block-image size-large is-resized\"><img decoding=\"async\" src=\"https:\/\/cedom-madoc.be\/wp-content\/uploads\/2024\/08\/365635826_10160766802004841_714532802294365137_n.jpg\" alt=\"\" style=\"width:429px;height:auto\"\/><\/figure>\n\n\n\n<p><em>Mohcin Za\u00efdi \u2013 Assistant administratif<\/em><\/p>\n\n\n\n<p>Mohcin est assistant administratif. Il est en outre charg\u00e9 de la num\u00e9risation des archives et du bon fonctionnement de la biblioth\u00e8que. Apr\u00e8s ses \u00e9tudes secondaires, Mohcin a choisi une formation de biblioth\u00e9caire-documentaliste et a suivi diverses formations compl\u00e9mentaires. Il travaille au CEDOM depuis 2009.<\/p>\n\n\n\n<figure class=\"wp-block-image size-large is-resized\"><img decoding=\"async\" src=\"https:\/\/cedom-madoc.be\/wp-content\/uploads\/2024\/08\/13-08-2024-3-scaled.jpg\" alt=\"\" style=\"width:273px;height:auto\"\/><\/figure>\n\n\n\n<p><em>Emilie Peiffer &#8211; Archiviste<\/em><\/p>\n\n\n\n<p>Emilie a \u00e9tudi\u00e9 l\u2019histoire de l\u2019art et l\u2019arch\u00e9ologie \u00e0 l\u2019universit\u00e9 libre de Bruxelles o\u00f9 elle obtient son master en conservation du patrimoine mobilier. Elle est \u00e9galement titulaire d\u2019un dipl\u00f4me p\u00e9dagogique (Agr\u00e9gation de l\u2019enseignement sup\u00e9rieur) qui offrira des possibilit\u00e9s au CEDOM de faire conna\u00eetre l\u2019histoire de la franc-ma\u00e7onnerie belge. \u00a0Arriv\u00e9e en juin 2024, elle se charge notamment de l\u2019inventaire et du conditionnement des archives.<\/p>\n\n\n\n<figure class=\"wp-block-image size-large is-resized\"><img decoding=\"async\" src=\"https:\/\/cedom-madoc.be\/wp-content\/uploads\/2024\/08\/13-08-2024-9-scaled.jpg\" alt=\"\" style=\"width:291px;height:auto\"\/><\/figure>\n\n\n<section id=\"internal-navigation-block_7ea51c7f6bf6e3100c9b9a05676aee36\" class=\"internal-navigation\"><h4>Voir plus<\/h4><div class=nav-bg style=\"background-image:url(https:\/\/cedom-madoc.be\/wp-content\/uploads\/2024\/01\/04-12-2023-11-2100.jpg);\"><\/div><nav class=content-wrapper><ul class=links><li class=\"count-2\"><a class=\"button block cut-corners cut-1\" href=\"https:\/\/cedom-madoc.be\/fr\/musee\/\" title=\"Mus\u00e9e\" target=\"\">Mus\u00e9e<\/a><\/li><li class=\"count-2\"><a class=\"button block cut-corners cut-1\" href=\"https:\/\/cedom-madoc.be\/fr\/contact\/\" title=\"Contact\" target=\"\">Contact<\/a><\/li><\/ul><\/nav><\/section>","protected":false},"excerpt":{"rendered":"<p>David Vergauwen \u2013 Directeur David a \u00e9tudi\u00e9 l&rsquo;histoire, l&rsquo;histoire de l&rsquo;art et la musicologie aux universit\u00e9s de Gand et de Bruxelles, obtenant son doctorat en histoire \u00e0 la VUB. Il est notamment l&rsquo;auteur de \u00ab\u00a0Kolommen van Harmonie\u00a0\u00bb (2015) et \u00ab\u00a0Ma\u00e7onnieke chansons\u00a0\u00bb (2017). Depuis 2023, il est le directeur du CEDOM. Il r\u00e9side \u00e0 Bruges. Mohcin [&hellip;]<\/p>\n","protected":false},"author":3,"featured_media":0,"parent":0,"menu_order":0,"comment_status":"closed","ping_status":"closed","template":"","meta":{"_acf_changed":false,"footnotes":""},"acf":[],"yoast_head":"<!-- This site is optimized with the Yoast SEO plugin v24.5 - https:\/\/yoast.com\/wordpress\/plugins\/seo\/ -->\n<title>Qui sommes-nous ? - Cedom Madoc<\/title>\n<meta name=\"robots\" content=\"index, follow, max-snippet:-1, max-image-preview:large, max-video-preview:-1\" \/>\n<link rel=\"canonical\" href=\"https:\/\/cedom-madoc.be\/fr\/qui-sommes-nous\/\" \/>\n<meta property=\"og:locale\" content=\"fr_FR\" \/>\n<meta property=\"og:type\" content=\"article\" \/>\n<meta property=\"og:title\" content=\"Qui sommes-nous ? - Cedom Madoc\" \/>\n<meta property=\"og:description\" content=\"David Vergauwen \u2013 Directeur David a \u00e9tudi\u00e9 l&rsquo;histoire, l&rsquo;histoire de l&rsquo;art et la musicologie aux universit\u00e9s de Gand et de Bruxelles, obtenant son doctorat en histoire \u00e0 la VUB. Il est notamment l&rsquo;auteur de \u00ab\u00a0Kolommen van Harmonie\u00a0\u00bb (2015) et \u00ab\u00a0Ma\u00e7onnieke chansons\u00a0\u00bb (2017). Depuis 2023, il est le directeur du CEDOM. Il r\u00e9side \u00e0 Bruges. Mohcin [&hellip;]\" \/>\n<meta property=\"og:url\" content=\"https:\/\/cedom-madoc.be\/fr\/qui-sommes-nous\/\" \/>\n<meta property=\"og:site_name\" content=\"Cedom Madoc\" \/>\n<meta property=\"article:modified_time\" content=\"2024-09-02T07:44:53+00:00\" \/>\n<meta property=\"og:image\" content=\"https:\/\/cedom-madoc.be\/wp-content\/uploads\/2024\/08\/365635826_10160766802004841_714532802294365137_n.jpg\" \/>\n<meta name=\"twitter:card\" content=\"summary_large_image\" \/>\n<meta name=\"twitter:label1\" content=\"Dur\u00e9e de lecture estim\u00e9e\" \/>\n\t<meta name=\"twitter:data1\" content=\"2 minutes\" \/>\n<script type=\"application\/ld+json\" class=\"yoast-schema-graph\">{\"@context\":\"https:\/\/schema.org\",\"@graph\":[{\"@type\":\"WebPage\",\"@id\":\"https:\/\/cedom-madoc.be\/fr\/qui-sommes-nous\/\",\"url\":\"https:\/\/cedom-madoc.be\/fr\/qui-sommes-nous\/\",\"name\":\"Qui sommes-nous ? - Cedom Madoc\",\"isPartOf\":{\"@id\":\"https:\/\/cedom-madoc.be\/fr\/#website\"},\"primaryImageOfPage\":{\"@id\":\"https:\/\/cedom-madoc.be\/fr\/qui-sommes-nous\/#primaryimage\"},\"image\":{\"@id\":\"https:\/\/cedom-madoc.be\/fr\/qui-sommes-nous\/#primaryimage\"},\"thumbnailUrl\":\"https:\/\/cedom-madoc.be\/wp-content\/uploads\/2024\/08\/365635826_10160766802004841_714532802294365137_n.jpg\",\"datePublished\":\"2024-02-07T15:57:10+00:00\",\"dateModified\":\"2024-09-02T07:44:53+00:00\",\"breadcrumb\":{\"@id\":\"https:\/\/cedom-madoc.be\/fr\/qui-sommes-nous\/#breadcrumb\"},\"inLanguage\":\"fr-FR\",\"potentialAction\":[{\"@type\":\"ReadAction\",\"target\":[\"https:\/\/cedom-madoc.be\/fr\/qui-sommes-nous\/\"]}]},{\"@type\":\"ImageObject\",\"inLanguage\":\"fr-FR\",\"@id\":\"https:\/\/cedom-madoc.be\/fr\/qui-sommes-nous\/#primaryimage\",\"url\":\"https:\/\/cedom-madoc.be\/wp-content\/uploads\/2024\/08\/365635826_10160766802004841_714532802294365137_n.jpg\",\"contentUrl\":\"https:\/\/cedom-madoc.be\/wp-content\/uploads\/2024\/08\/365635826_10160766802004841_714532802294365137_n.jpg\"},{\"@type\":\"BreadcrumbList\",\"@id\":\"https:\/\/cedom-madoc.be\/fr\/qui-sommes-nous\/#breadcrumb\",\"itemListElement\":[{\"@type\":\"ListItem\",\"position\":1,\"name\":\"Cedom-Madoc\",\"item\":\"https:\/\/cedom-madoc.be\/fr\/\"},{\"@type\":\"ListItem\",\"position\":2,\"name\":\"Qui sommes-nous ?\"}]},{\"@type\":\"WebSite\",\"@id\":\"https:\/\/cedom-madoc.be\/fr\/#website\",\"url\":\"https:\/\/cedom-madoc.be\/fr\/\",\"name\":\"Cedom Madoc\",\"description\":\"\",\"publisher\":{\"@id\":\"https:\/\/cedom-madoc.be\/fr\/#organization\"},\"potentialAction\":[{\"@type\":\"SearchAction\",\"target\":{\"@type\":\"EntryPoint\",\"urlTemplate\":\"https:\/\/cedom-madoc.be\/fr\/?s={search_term_string}\"},\"query-input\":{\"@type\":\"PropertyValueSpecification\",\"valueRequired\":true,\"valueName\":\"search_term_string\"}}],\"inLanguage\":\"fr-FR\"},{\"@type\":\"Organization\",\"@id\":\"https:\/\/cedom-madoc.be\/fr\/#organization\",\"name\":\"Cedom Madoc\",\"url\":\"https:\/\/cedom-madoc.be\/fr\/\",\"logo\":{\"@type\":\"ImageObject\",\"inLanguage\":\"fr-FR\",\"@id\":\"https:\/\/cedom-madoc.be\/fr\/#\/schema\/logo\/image\/\",\"url\":\"https:\/\/cedom-madoc.be\/wp-content\/uploads\/2024\/01\/logo-cedom-text-nb.svg\",\"contentUrl\":\"https:\/\/cedom-madoc.be\/wp-content\/uploads\/2024\/01\/logo-cedom-text-nb.svg\",\"caption\":\"Cedom Madoc\"},\"image\":{\"@id\":\"https:\/\/cedom-madoc.be\/fr\/#\/schema\/logo\/image\/\"}}]}<\/script>\n<!-- \/ Yoast SEO plugin. -->","yoast_head_json":{"title":"Qui sommes-nous ? - Cedom Madoc","robots":{"index":"index","follow":"follow","max-snippet":"max-snippet:-1","max-image-preview":"max-image-preview:large","max-video-preview":"max-video-preview:-1"},"canonical":"https:\/\/cedom-madoc.be\/fr\/qui-sommes-nous\/","og_locale":"fr_FR","og_type":"article","og_title":"Qui sommes-nous ? - Cedom Madoc","og_description":"David Vergauwen \u2013 Directeur David a \u00e9tudi\u00e9 l&rsquo;histoire, l&rsquo;histoire de l&rsquo;art et la musicologie aux universit\u00e9s de Gand et de Bruxelles, obtenant son doctorat en histoire \u00e0 la VUB. Il est notamment l&rsquo;auteur de \u00ab\u00a0Kolommen van Harmonie\u00a0\u00bb (2015) et \u00ab\u00a0Ma\u00e7onnieke chansons\u00a0\u00bb (2017). Depuis 2023, il est le directeur du CEDOM. Il r\u00e9side \u00e0 Bruges. Mohcin [&hellip;]","og_url":"https:\/\/cedom-madoc.be\/fr\/qui-sommes-nous\/","og_site_name":"Cedom Madoc","article_modified_time":"2024-09-02T07:44:53+00:00","og_image":[{"url":"https:\/\/cedom-madoc.be\/wp-content\/uploads\/2024\/08\/365635826_10160766802004841_714532802294365137_n.jpg","type":"","width":"","height":""}],"twitter_card":"summary_large_image","twitter_misc":{"Dur\u00e9e de lecture estim\u00e9e":"2 minutes"},"schema":{"@context":"https:\/\/schema.org","@graph":[{"@type":"WebPage","@id":"https:\/\/cedom-madoc.be\/fr\/qui-sommes-nous\/","url":"https:\/\/cedom-madoc.be\/fr\/qui-sommes-nous\/","name":"Qui sommes-nous ? - Cedom Madoc","isPartOf":{"@id":"https:\/\/cedom-madoc.be\/fr\/#website"},"primaryImageOfPage":{"@id":"https:\/\/cedom-madoc.be\/fr\/qui-sommes-nous\/#primaryimage"},"image":{"@id":"https:\/\/cedom-madoc.be\/fr\/qui-sommes-nous\/#primaryimage"},"thumbnailUrl":"https:\/\/cedom-madoc.be\/wp-content\/uploads\/2024\/08\/365635826_10160766802004841_714532802294365137_n.jpg","datePublished":"2024-02-07T15:57:10+00:00","dateModified":"2024-09-02T07:44:53+00:00","breadcrumb":{"@id":"https:\/\/cedom-madoc.be\/fr\/qui-sommes-nous\/#breadcrumb"},"inLanguage":"fr-FR","potentialAction":[{"@type":"ReadAction","target":["https:\/\/cedom-madoc.be\/fr\/qui-sommes-nous\/"]}]},{"@type":"ImageObject","inLanguage":"fr-FR","@id":"https:\/\/cedom-madoc.be\/fr\/qui-sommes-nous\/#primaryimage","url":"https:\/\/cedom-madoc.be\/wp-content\/uploads\/2024\/08\/365635826_10160766802004841_714532802294365137_n.jpg","contentUrl":"https:\/\/cedom-madoc.be\/wp-content\/uploads\/2024\/08\/365635826_10160766802004841_714532802294365137_n.jpg"},{"@type":"BreadcrumbList","@id":"https:\/\/cedom-madoc.be\/fr\/qui-sommes-nous\/#breadcrumb","itemListElement":[{"@type":"ListItem","position":1,"name":"Cedom-Madoc","item":"https:\/\/cedom-madoc.be\/fr\/"},{"@type":"ListItem","position":2,"name":"Qui sommes-nous ?"}]},{"@type":"WebSite","@id":"https:\/\/cedom-madoc.be\/fr\/#website","url":"https:\/\/cedom-madoc.be\/fr\/","name":"Cedom Madoc","description":"","publisher":{"@id":"https:\/\/cedom-madoc.be\/fr\/#organization"},"potentialAction":[{"@type":"SearchAction","target":{"@type":"EntryPoint","urlTemplate":"https:\/\/cedom-madoc.be\/fr\/?s={search_term_string}"},"query-input":{"@type":"PropertyValueSpecification","valueRequired":true,"valueName":"search_term_string"}}],"inLanguage":"fr-FR"},{"@type":"Organization","@id":"https:\/\/cedom-madoc.be\/fr\/#organization","name":"Cedom Madoc","url":"https:\/\/cedom-madoc.be\/fr\/","logo":{"@type":"ImageObject","inLanguage":"fr-FR","@id":"https:\/\/cedom-madoc.be\/fr\/#\/schema\/logo\/image\/","url":"https:\/\/cedom-madoc.be\/wp-content\/uploads\/2024\/01\/logo-cedom-text-nb.svg","contentUrl":"https:\/\/cedom-madoc.be\/wp-content\/uploads\/2024\/01\/logo-cedom-text-nb.svg","caption":"Cedom Madoc"},"image":{"@id":"https:\/\/cedom-madoc.be\/fr\/#\/schema\/logo\/image\/"}}]}},"_links":{"self":[{"href":"https:\/\/cedom-madoc.be\/fr\/wp-json\/wp\/v2\/pages\/671"}],"collection":[{"href":"https:\/\/cedom-madoc.be\/fr\/wp-json\/wp\/v2\/pages"}],"about":[{"href":"https:\/\/cedom-madoc.be\/fr\/wp-json\/wp\/v2\/types\/page"}],"author":[{"embeddable":true,"href":"https:\/\/cedom-madoc.be\/fr\/wp-json\/wp\/v2\/users\/3"}],"replies":[{"embeddable":true,"href":"https:\/\/cedom-madoc.be\/fr\/wp-json\/wp\/v2\/comments?post=671"}],"version-history":[{"count":14,"href":"https:\/\/cedom-madoc.be\/fr\/wp-json\/wp\/v2\/pages\/671\/revisions"}],"predecessor-version":[{"id":900,"href":"https:\/\/cedom-madoc.be\/fr\/wp-json\/wp\/v2\/pages\/671\/revisions\/900"}],"wp:attachment":[{"href":"https:\/\/cedom-madoc.be\/fr\/wp-json\/wp\/v2\/media?parent=671"}],"curies":[{"name":"wp","href":"https:\/\/api.w.org\/{rel}","templated":true}]}}