{"id":192,"date":"2024-01-12T14:23:12","date_gmt":"2024-01-12T14:23:12","guid":{"rendered":"https:\/\/cedom-madoc.be\/about\/"},"modified":"2024-02-13T13:40:33","modified_gmt":"2024-02-13T13:40:33","slug":"over-ons","status":"publish","type":"page","link":"https:\/\/cedom-madoc.be\/nl\/over-ons\/","title":{"rendered":"Over ons"},"content":{"rendered":"\n<h2 class=\"wp-block-heading\">Wie zijn we?<\/h2>\n\n\n\n<p>Het CEDOM is het Studie- en Documentatiecentrum van de Belgische vrijmetselarij.<br>Het CEDOM bestaat uit:<br>&#8211; Een bibliotheek met een leeszaal en 11.000 boeken over vrijmetselarij<br>&#8211; Een bestand aan ma\u00e7onnieke tijdschriften met meer dan 25.000 artikels<br>&#8211; Een historisch archief dat teruggaat tot de achttiende eeuw<br>&#8211; Een studiecentrum dat publiceert en activiteiten organiseert over de geschiedenis van de vrijmetselarij in Belgi\u00eb<br>Het CEDOM is toegankelijk voor iedereen: vrijmetselaars van alle obedi\u00ebnties, wetenschappers, onderzoekers en mensen die hun kennis over het onderwerp willen verdiepen.<br>Het CEDOM wordt gefinancierd door het Grootoosten van Belgi\u00eb en de F\u00e9d\u00e9ration Wallonie-Bruxelles.<\/p>\n\n\n\n<h2 class=\"wp-block-heading\">Wat is onze missie?<\/h2>\n\n\n\n<p>Het CEDOM wil het voornaamste referentiepunt zijn en blijven voor de geschiedenis van de vrijmetselarij in Belgi\u00eb.<br>Deze missie wil zij waarmaken door:<br>&#8211; Als bibliotheek een actueel bestand aan boeken en tijdschriften over vrijmetselarij aan te leggen<br>&#8211; Als archief te zorgen voor de lokalisatie, centralisatie, professionele bewaring en ontsluiting van ma\u00e7onnieke archieven<br>&#8211; Als studiecentrum te communiceren met zowel de ma\u00e7onnieke gemeenschap als de buitenwereld door publicaties en publieksactiviteiten<\/p>\n\n\n\n<h2 class=\"wp-block-heading\">Wat is onze visie?<\/h2>\n\n\n\n<p>Vrijmetselarij heeft een belangrijke rol gespeeld in de sociale, politieke en culturele geschiedenis van Belgi\u00eb. Deze rol dient op een objectieve, systematische en wetenschappelijke manier te worden bestudeerd. Het CEDOM lokaliseert, verzamelt, bewaart en ontsluit alle vormen van documentatie die een licht werpen op de geschiedenis van de vrijmetselarij en die van de vrijmetselarij in Belgi\u00eb in het bijzonder.<br>Ook de Belgische vrijmetselarij verdient het om haar erfgoed op een professionele manier verzameld, geborgen, ontsloten en gevaloriseerd te zien. Haar patrimonium is oud en vaak van onschatbare waarde. Er wordt vanuit deze gemeenschap dan ook waarde aan gehecht.<br>Het CEDOM werkt ook voor de gemeenschap in het algemeen. Daar werkt het als een raam. Voor de Belgische vrijmetselarij is het een venster op de wereld, een instrument om banden aan te gaan met de samenleving. Voor de samenleving is het een venster om van buiten naar binnen te kijken. Het CEDOM informeert, educeert, publiceert en exposeert met als doel de banden tussen de Belgische vrijmetselarij en de buitenwereld te versterken.<br>Vrijmetselaars verzamelen zich in \u2018loges\u2019 (of \u2018werkplaatsen\u2019) die op hun beurt zijn aangesloten bij obedi\u00ebnties. Allemaal kunnen zij rekenen op het CEDOM om hun archief en waardevol boekenbestand in kaart te brengen en\/of in bewaring geven.<\/p>\n\n\n\n<figure class=\"wp-block-image size-full\"><img decoding=\"async\" width=\"2000\" height=\"936\" src=\"https:\/\/cedom-madoc.be\/wp-content\/uploads\/2024\/01\/04-12-2023-27-2000.jpg\" alt=\"\" class=\"wp-image-144\" style=\"object-fit:cover\" srcset=\"https:\/\/cedom-madoc.be\/wp-content\/uploads\/2024\/01\/04-12-2023-27-2000.jpg 2000w, https:\/\/cedom-madoc.be\/wp-content\/uploads\/2024\/01\/04-12-2023-27-2000-300x140.jpg 300w, https:\/\/cedom-madoc.be\/wp-content\/uploads\/2024\/01\/04-12-2023-27-2000-1024x479.jpg 1024w, https:\/\/cedom-madoc.be\/wp-content\/uploads\/2024\/01\/04-12-2023-27-2000-768x359.jpg 768w, https:\/\/cedom-madoc.be\/wp-content\/uploads\/2024\/01\/04-12-2023-27-2000-1536x719.jpg 1536w\" sizes=\"(max-width: 2000px) 100vw, 2000px\" \/><\/figure>\n\n\n\n<h2 class=\"wp-block-heading\">Geschiedenis<\/h2>\n\n\n\n<p>In 1968 werd in de schoot van het Grootoosten van Belgi\u00eb het CEDOM (\u2018Centre d\u2019Etudes et de&nbsp;DOcumentation&nbsp;Ma\u00e7onnique\u2019) in het leven geroepen. Aanvankelijk was het de bedoeling dat het CEDOM het archief en de bibliotheek van het Grootoosten van Belgi\u00eb zou beheren en was haar werking uitsluitend bedoeld voor het secretariaat van het Grootoosten van Belgi\u00eb en de leden die bij die obedi\u00ebntie waren aangesloten. Er werd ook een bibliotheek aangelegd die ten dienste stond van de leden.<br><br>Rond 2000 maakt het CEDOM zich op voor het ontvangen van een substantieel pakket aan archieven die in 1992 werden ge\u00efdentificeerd in een depot in Moskou. Het ging om een verzameling archieven die tijdens de Tweede Wereldoorlog uit diverse Belgische werkplaatsen waren geroofd en door de Duitse bezetter naar Berlijn werden overgebracht. Daar werden ze op hun beurt in 1945 door de Russen meegenomen die de archieven na de val van het communisme wensten te restitueren. Alle Belgische werkplaatsen die tijdens de oorlog het slachtoffer waren geworden van deze ontvreemding kwamen overeen dat de collectie ondeelbaar was en dat ze het beste op een centrale plaats werd bewaard. Sinds 19 juni 2002 rusten de archieven van Moskou in het CEDOM en begon het proces van bewaring en ontsluiting van de collectie.&nbsp;&nbsp;<br><br>De komst van de \u2018Archieven van Moskou\u2019 duwde het CEDOM in een beslissende richting. In januari 2004 werd het CEDOM een onafhankelijke vzw. Het wordt gefinancierd door het Grootoosten van Belgi\u00eb en sinds 2008 ook structureel betoelaagd door de Federation Wallonie-Bruxelles. Er is ook een kleine tussenkomst vanwege de Vrouwen Grootloge van Belgi\u00eb. Andere obedi\u00ebnties dragen niet rechtstreeks bij tot de kosten van het CEDOM, maar de instelling stelt zich ten dienste van de volledige Belgische vrijmetselarij en haar archieven.&nbsp;<br><br>De collectie van het CEDOM is klein en gespecialiseerd. Alle boeken en archieven in haar collectie hebben betrekking op de vrijmetselarij in Belgi\u00eb en werden in depot gegeven of geschonken door ma\u00e7onnieke organisaties of door particuliere personen die vrijmetselaar zijn of waren. Op dit moment beheert het CEDOM 40 archiefcollecties. Alles bij elkaar draagt het CEDOM zorg voor een boekenbestand van 11.000 stuks en 252 lopende meter archief.&nbsp;<\/p>\n\n\n<section id=\"internal-navigation-block_ef30b7ed679613d636f00b97c69588b5\" class=\"internal-navigation\"><h4>Zie meer<\/h4><div class=nav-bg style=\"background-image:url(https:\/\/cedom-madoc.be\/wp-content\/uploads\/2024\/01\/Foto-leeszaal-2-2000x1333.jpeg);\"><\/div><nav class=content-wrapper><ul class=links><li class=\"count-2\"><a class=\"button block cut-corners cut-1\" href=\"https:\/\/cedom-madoc.be\/nl\/contact\/\" title=\"Contact\" target=\"\">Contact<\/a><\/li><li class=\"count-2\"><a class=\"button block cut-corners cut-1\" href=\"https:\/\/gob.be\/?lang=nl\" title=\"Grootoosten van Belgi\u00eb\" target=\"_blank\">Grootoosten van Belgi\u00eb<\/a><\/li><\/ul><\/nav><\/section>","protected":false},"excerpt":{"rendered":"<p>Wie zijn we? Het CEDOM is het Studie- en Documentatiecentrum van de Belgische vrijmetselarij.Het CEDOM bestaat uit:&#8211; Een bibliotheek met een leeszaal en 11.000 boeken over vrijmetselarij&#8211; Een bestand aan ma\u00e7onnieke tijdschriften met meer dan 25.000 artikels&#8211; Een historisch archief dat teruggaat tot de achttiende eeuw&#8211; Een studiecentrum dat publiceert en activiteiten organiseert over de [&hellip;]<\/p>\n","protected":false},"author":1,"featured_media":181,"parent":0,"menu_order":0,"comment_status":"closed","ping_status":"closed","template":"","meta":{"_acf_changed":false,"footnotes":""},"acf":[],"yoast_head":"<!-- This site is optimized with the Yoast SEO plugin v24.5 - https:\/\/yoast.com\/wordpress\/plugins\/seo\/ -->\n<title>Over ons - Cedom Madoc<\/title>\n<meta name=\"robots\" content=\"index, follow, max-snippet:-1, max-image-preview:large, max-video-preview:-1\" \/>\n<link rel=\"canonical\" href=\"https:\/\/cedom-madoc.be\/nl\/over-ons\/\" \/>\n<meta property=\"og:locale\" content=\"nl_NL\" \/>\n<meta property=\"og:type\" content=\"article\" \/>\n<meta property=\"og:title\" content=\"Over ons - Cedom Madoc\" \/>\n<meta property=\"og:description\" content=\"Wie zijn we? Het CEDOM is het Studie- en Documentatiecentrum van de Belgische vrijmetselarij.Het CEDOM bestaat uit:&#8211; Een bibliotheek met een leeszaal en 11.000 boeken over vrijmetselarij&#8211; Een bestand aan ma\u00e7onnieke tijdschriften met meer dan 25.000 artikels&#8211; Een historisch archief dat teruggaat tot de achttiende eeuw&#8211; Een studiecentrum dat publiceert en activiteiten organiseert over de [&hellip;]\" \/>\n<meta property=\"og:url\" content=\"https:\/\/cedom-madoc.be\/nl\/over-ons\/\" \/>\n<meta property=\"og:site_name\" content=\"Cedom Madoc\" \/>\n<meta property=\"article:modified_time\" content=\"2024-02-13T13:40:33+00:00\" \/>\n<meta property=\"og:image\" content=\"https:\/\/cedom-madoc.be\/wp-content\/uploads\/2024\/01\/04-12-2023-27-2000-B.jpg\" \/>\n\t<meta property=\"og:image:width\" content=\"2000\" \/>\n\t<meta property=\"og:image:height\" content=\"1333\" \/>\n\t<meta property=\"og:image:type\" content=\"image\/jpeg\" \/>\n<meta name=\"twitter:card\" content=\"summary_large_image\" \/>\n<meta name=\"twitter:label1\" content=\"Geschatte leestijd\" \/>\n\t<meta name=\"twitter:data1\" content=\"4 minuten\" \/>\n<script type=\"application\/ld+json\" class=\"yoast-schema-graph\">{\"@context\":\"https:\/\/schema.org\",\"@graph\":[{\"@type\":\"WebPage\",\"@id\":\"https:\/\/cedom-madoc.be\/nl\/over-ons\/\",\"url\":\"https:\/\/cedom-madoc.be\/nl\/over-ons\/\",\"name\":\"Over ons - Cedom Madoc\",\"isPartOf\":{\"@id\":\"https:\/\/cedom-madoc.be\/nl\/#website\"},\"primaryImageOfPage\":{\"@id\":\"https:\/\/cedom-madoc.be\/nl\/over-ons\/#primaryimage\"},\"image\":{\"@id\":\"https:\/\/cedom-madoc.be\/nl\/over-ons\/#primaryimage\"},\"thumbnailUrl\":\"https:\/\/cedom-madoc.be\/wp-content\/uploads\/2024\/01\/04-12-2023-27-2000-B.jpg\",\"datePublished\":\"2024-01-12T14:23:12+00:00\",\"dateModified\":\"2024-02-13T13:40:33+00:00\",\"breadcrumb\":{\"@id\":\"https:\/\/cedom-madoc.be\/nl\/over-ons\/#breadcrumb\"},\"inLanguage\":\"nl-NL\",\"potentialAction\":[{\"@type\":\"ReadAction\",\"target\":[\"https:\/\/cedom-madoc.be\/nl\/over-ons\/\"]}]},{\"@type\":\"ImageObject\",\"inLanguage\":\"nl-NL\",\"@id\":\"https:\/\/cedom-madoc.be\/nl\/over-ons\/#primaryimage\",\"url\":\"https:\/\/cedom-madoc.be\/wp-content\/uploads\/2024\/01\/04-12-2023-27-2000-B.jpg\",\"contentUrl\":\"https:\/\/cedom-madoc.be\/wp-content\/uploads\/2024\/01\/04-12-2023-27-2000-B.jpg\",\"width\":2000,\"height\":1333},{\"@type\":\"BreadcrumbList\",\"@id\":\"https:\/\/cedom-madoc.be\/nl\/over-ons\/#breadcrumb\",\"itemListElement\":[{\"@type\":\"ListItem\",\"position\":1,\"name\":\"Cedom-Madoc\",\"item\":\"https:\/\/cedom-madoc.be\/nl\/\"},{\"@type\":\"ListItem\",\"position\":2,\"name\":\"Over ons\"}]},{\"@type\":\"WebSite\",\"@id\":\"https:\/\/cedom-madoc.be\/nl\/#website\",\"url\":\"https:\/\/cedom-madoc.be\/nl\/\",\"name\":\"Cedom Madoc\",\"description\":\"\",\"publisher\":{\"@id\":\"https:\/\/cedom-madoc.be\/nl\/#organization\"},\"potentialAction\":[{\"@type\":\"SearchAction\",\"target\":{\"@type\":\"EntryPoint\",\"urlTemplate\":\"https:\/\/cedom-madoc.be\/nl\/?s={search_term_string}\"},\"query-input\":{\"@type\":\"PropertyValueSpecification\",\"valueRequired\":true,\"valueName\":\"search_term_string\"}}],\"inLanguage\":\"nl-NL\"},{\"@type\":\"Organization\",\"@id\":\"https:\/\/cedom-madoc.be\/nl\/#organization\",\"name\":\"Cedom Madoc\",\"url\":\"https:\/\/cedom-madoc.be\/nl\/\",\"logo\":{\"@type\":\"ImageObject\",\"inLanguage\":\"nl-NL\",\"@id\":\"https:\/\/cedom-madoc.be\/nl\/#\/schema\/logo\/image\/\",\"url\":\"https:\/\/cedom-madoc.be\/wp-content\/uploads\/2024\/01\/logo-cedom-text-nb.svg\",\"contentUrl\":\"https:\/\/cedom-madoc.be\/wp-content\/uploads\/2024\/01\/logo-cedom-text-nb.svg\",\"caption\":\"Cedom Madoc\"},\"image\":{\"@id\":\"https:\/\/cedom-madoc.be\/nl\/#\/schema\/logo\/image\/\"}}]}<\/script>\n<!-- \/ Yoast SEO plugin. -->","yoast_head_json":{"title":"Over ons - Cedom Madoc","robots":{"index":"index","follow":"follow","max-snippet":"max-snippet:-1","max-image-preview":"max-image-preview:large","max-video-preview":"max-video-preview:-1"},"canonical":"https:\/\/cedom-madoc.be\/nl\/over-ons\/","og_locale":"nl_NL","og_type":"article","og_title":"Over ons - Cedom Madoc","og_description":"Wie zijn we? Het CEDOM is het Studie- en Documentatiecentrum van de Belgische vrijmetselarij.Het CEDOM bestaat uit:&#8211; Een bibliotheek met een leeszaal en 11.000 boeken over vrijmetselarij&#8211; Een bestand aan ma\u00e7onnieke tijdschriften met meer dan 25.000 artikels&#8211; Een historisch archief dat teruggaat tot de achttiende eeuw&#8211; Een studiecentrum dat publiceert en activiteiten organiseert over de [&hellip;]","og_url":"https:\/\/cedom-madoc.be\/nl\/over-ons\/","og_site_name":"Cedom Madoc","article_modified_time":"2024-02-13T13:40:33+00:00","og_image":[{"width":2000,"height":1333,"url":"https:\/\/cedom-madoc.be\/wp-content\/uploads\/2024\/01\/04-12-2023-27-2000-B.jpg","type":"image\/jpeg"}],"twitter_card":"summary_large_image","twitter_misc":{"Geschatte leestijd":"4 minuten"},"schema":{"@context":"https:\/\/schema.org","@graph":[{"@type":"WebPage","@id":"https:\/\/cedom-madoc.be\/nl\/over-ons\/","url":"https:\/\/cedom-madoc.be\/nl\/over-ons\/","name":"Over ons - Cedom Madoc","isPartOf":{"@id":"https:\/\/cedom-madoc.be\/nl\/#website"},"primaryImageOfPage":{"@id":"https:\/\/cedom-madoc.be\/nl\/over-ons\/#primaryimage"},"image":{"@id":"https:\/\/cedom-madoc.be\/nl\/over-ons\/#primaryimage"},"thumbnailUrl":"https:\/\/cedom-madoc.be\/wp-content\/uploads\/2024\/01\/04-12-2023-27-2000-B.jpg","datePublished":"2024-01-12T14:23:12+00:00","dateModified":"2024-02-13T13:40:33+00:00","breadcrumb":{"@id":"https:\/\/cedom-madoc.be\/nl\/over-ons\/#breadcrumb"},"inLanguage":"nl-NL","potentialAction":[{"@type":"ReadAction","target":["https:\/\/cedom-madoc.be\/nl\/over-ons\/"]}]},{"@type":"ImageObject","inLanguage":"nl-NL","@id":"https:\/\/cedom-madoc.be\/nl\/over-ons\/#primaryimage","url":"https:\/\/cedom-madoc.be\/wp-content\/uploads\/2024\/01\/04-12-2023-27-2000-B.jpg","contentUrl":"https:\/\/cedom-madoc.be\/wp-content\/uploads\/2024\/01\/04-12-2023-27-2000-B.jpg","width":2000,"height":1333},{"@type":"BreadcrumbList","@id":"https:\/\/cedom-madoc.be\/nl\/over-ons\/#breadcrumb","itemListElement":[{"@type":"ListItem","position":1,"name":"Cedom-Madoc","item":"https:\/\/cedom-madoc.be\/nl\/"},{"@type":"ListItem","position":2,"name":"Over ons"}]},{"@type":"WebSite","@id":"https:\/\/cedom-madoc.be\/nl\/#website","url":"https:\/\/cedom-madoc.be\/nl\/","name":"Cedom Madoc","description":"","publisher":{"@id":"https:\/\/cedom-madoc.be\/nl\/#organization"},"potentialAction":[{"@type":"SearchAction","target":{"@type":"EntryPoint","urlTemplate":"https:\/\/cedom-madoc.be\/nl\/?s={search_term_string}"},"query-input":{"@type":"PropertyValueSpecification","valueRequired":true,"valueName":"search_term_string"}}],"inLanguage":"nl-NL"},{"@type":"Organization","@id":"https:\/\/cedom-madoc.be\/nl\/#organization","name":"Cedom Madoc","url":"https:\/\/cedom-madoc.be\/nl\/","logo":{"@type":"ImageObject","inLanguage":"nl-NL","@id":"https:\/\/cedom-madoc.be\/nl\/#\/schema\/logo\/image\/","url":"https:\/\/cedom-madoc.be\/wp-content\/uploads\/2024\/01\/logo-cedom-text-nb.svg","contentUrl":"https:\/\/cedom-madoc.be\/wp-content\/uploads\/2024\/01\/logo-cedom-text-nb.svg","caption":"Cedom Madoc"},"image":{"@id":"https:\/\/cedom-madoc.be\/nl\/#\/schema\/logo\/image\/"}}]}},"_links":{"self":[{"href":"https:\/\/cedom-madoc.be\/nl\/wp-json\/wp\/v2\/pages\/192"}],"collection":[{"href":"https:\/\/cedom-madoc.be\/nl\/wp-json\/wp\/v2\/pages"}],"about":[{"href":"https:\/\/cedom-madoc.be\/nl\/wp-json\/wp\/v2\/types\/page"}],"author":[{"embeddable":true,"href":"https:\/\/cedom-madoc.be\/nl\/wp-json\/wp\/v2\/users\/1"}],"replies":[{"embeddable":true,"href":"https:\/\/cedom-madoc.be\/nl\/wp-json\/wp\/v2\/comments?post=192"}],"version-history":[{"count":10,"href":"https:\/\/cedom-madoc.be\/nl\/wp-json\/wp\/v2\/pages\/192\/revisions"}],"predecessor-version":[{"id":754,"href":"https:\/\/cedom-madoc.be\/nl\/wp-json\/wp\/v2\/pages\/192\/revisions\/754"}],"wp:featuredmedia":[{"embeddable":true,"href":"https:\/\/cedom-madoc.be\/nl\/wp-json\/wp\/v2\/media\/181"}],"wp:attachment":[{"href":"https:\/\/cedom-madoc.be\/nl\/wp-json\/wp\/v2\/media?parent=192"}],"curies":[{"name":"wp","href":"https:\/\/api.w.org\/{rel}","templated":true}]}}