{"id":230,"date":"2024-01-12T14:24:10","date_gmt":"2024-01-12T14:24:10","guid":{"rendered":"https:\/\/cedom-madoc.be\/grand-orient-of-belgium\/"},"modified":"2024-02-13T13:48:46","modified_gmt":"2024-02-13T13:48:46","slug":"grootoosten-van-belgie","status":"publish","type":"page","link":"https:\/\/cedom-madoc.be\/nl\/grootoosten-van-belgie\/","title":{"rendered":"Grootoosten van Belgi\u00eb"},"content":{"rendered":"<section id=\"block-intro-block_5505f5e8c993480dd87dba9cd445b3d4\" class=\"block-intro\"><div class=content-wrapper><div class=intro><p style=\"font-weight: 400;\">Het CEDOM wordt gesubsidieerd door het Grootoosten van Belgi\u00eb en de Federatie Wallonie-Bruxelles.<\/p>\n<p style=\"font-weight: 400;\">Het Grootoosten van Belgi\u00eb is de oudste nog bestaande ma\u00e7onnieke koepelorganisatie (of Obedi\u00ebntie) van Belgi\u00eb. Met meer dan 10.000 leden is zij ook de grootste.<\/p>\n<\/div><\/div><\/section>\n\n\n<p>Het Grootoosten van Belgi\u00eb werd gesticht in 1833. Een jaar later, op 20 november 1834 werd vanuit het Grootoosten van Belgi\u00eb de Universit\u00e9 Libre de Bruxelles opgericht als reactie op de oprichting te Mechelen van een katholieke universiteit. De architect van dit project was Pierre-Theodore Verhaegen.<br><br>Het Grootoosten van Belgi\u00eb voerde een meer anticlericale koers na de bisschoppelijke veroordeling van 1837. Na 1854 paste zij ook de ordegrondwet aan, zodat niets nog een gepolitiseerde vrijmetselarij in de weg stond. De Belgische vrijmetselarij fungeerde vanaf de jaren 1840 als een belangrijk netwerk voor de organisatie van de liberale partij. In de tweede helft van de negentiende eeuw werd vrijmetselarij zelfs een politiek instrument. Dit veranderde met de opkomst van het socialisme op het einde van de negentiende eeuw, waarna de Belgische vrijmetselarij in de loop van de Twintigste Eeuw in toenemende mate depolitiseerde. In de loop van de jaren 1860 werd het geloof in een hiernamaals, een goddelijke schepper en een onsterfelijke ziel stilaan opgegeven. In 1872 schrapte het Grootoosten van Belgi\u00eb elke verplichte verwijzing naar het Opperbouwmeester van het Heelal.&nbsp;<br><br><\/p>\n\n\n\n<p>De historische relevantie van de Belgische vrijmetselarij staat buiten twijfel. Vrijmetselaars en loges aangesloten bij het Grootoosten van Belgi\u00eb speelden een belangrijke rol in de liberale en socialistische bewegingen en in de Vlaamse beweging.<\/p>\n\n\n\n<p>Tot de oprichting van de Droit Humain in Belgi\u00eb in 1911 was het Grootoosten van Belgi\u00eb de enige Belgische Obedi\u00ebntie.<\/p>\n\n\n\n<p>In 1968 werd in de schoot van het Grootoosten van Belgi\u00eb het CEDOM opgericht.<\/p>\n\n\n\n<p>In 1983 werd door het Grootoosten van Belgi\u00eb de Leerstoel Th\u00e9odore Verhaegen ingericht.&nbsp;<\/p>\n\n\n\n<p>Sinds 2020 is het Grootoosten van Belgi\u00eb een confederatie die bestaat uit een mannenfederatie (waar uitsluitend mannen lid zijn), een gemengde federatie (waar mannen en vrouwen lid zijn) en een vrouwenfederatie (waar uitsluitend vrouwen lid zijn).<\/p>\n\n\n\n<div class=\"wp-block-buttons is-layout-flex wp-block-buttons-is-layout-flex\">\n<div class=\"wp-block-button\"><a class=\"wp-block-button__link wp-element-button\" href=\"https:\/\/gob.be\/\" target=\"_blank\" rel=\"noreferrer noopener\">Meer over het Grootoosten van Belgi\u00eb<\/a><\/div>\n<\/div>\n\n\n<section id=\"internal-navigation-block_29a473fd24f0831c05b2752493643e4b\" class=\"internal-navigation\"><h4>Zie meer<\/h4><div class=nav-bg style=\"background-image:url(https:\/\/cedom-madoc.be\/wp-content\/uploads\/2024\/01\/IMG_1254-1800.jpg);\"><\/div><nav class=content-wrapper><ul class=links><li class=\"count-2\"><a class=\"button block cut-corners cut-1\" href=\"https:\/\/cedom-madoc.be\/nl\/bibliotheek\/\" title=\"Bibliotheek\" target=\"\">Bibliotheek<\/a><\/li><li class=\"count-2\"><a class=\"button block cut-corners cut-1\" href=\"https:\/\/cedom-madoc.be\/nl\/archieven\/\" title=\"Archieven\" target=\"\">Archieven<\/a><\/li><\/ul><\/nav><\/section>","protected":false},"excerpt":{"rendered":"<p>Het Grootoosten van Belgi\u00eb werd gesticht in 1833. Een jaar later, op 20 november 1834 werd vanuit het Grootoosten van Belgi\u00eb de Universit\u00e9 Libre de Bruxelles opgericht als reactie op de oprichting te Mechelen van een katholieke universiteit. De architect van dit project was Pierre-Theodore Verhaegen. Het Grootoosten van Belgi\u00eb voerde een meer anticlericale koers [&hellip;]<\/p>\n","protected":false},"author":1,"featured_media":167,"parent":0,"menu_order":0,"comment_status":"closed","ping_status":"closed","template":"","meta":{"_acf_changed":false,"footnotes":""},"acf":[],"yoast_head":"<!-- This site is optimized with the Yoast SEO plugin v24.5 - https:\/\/yoast.com\/wordpress\/plugins\/seo\/ -->\n<title>Grootoosten van Belgi\u00eb - Cedom Madoc<\/title>\n<meta name=\"robots\" content=\"index, follow, max-snippet:-1, max-image-preview:large, max-video-preview:-1\" \/>\n<link rel=\"canonical\" href=\"https:\/\/cedom-madoc.be\/nl\/grootoosten-van-belgie\/\" \/>\n<meta property=\"og:locale\" content=\"nl_NL\" \/>\n<meta property=\"og:type\" content=\"article\" \/>\n<meta property=\"og:title\" content=\"Grootoosten van Belgi\u00eb - Cedom Madoc\" \/>\n<meta property=\"og:description\" content=\"Het Grootoosten van Belgi\u00eb werd gesticht in 1833. Een jaar later, op 20 november 1834 werd vanuit het Grootoosten van Belgi\u00eb de Universit\u00e9 Libre de Bruxelles opgericht als reactie op de oprichting te Mechelen van een katholieke universiteit. De architect van dit project was Pierre-Theodore Verhaegen. Het Grootoosten van Belgi\u00eb voerde een meer anticlericale koers [&hellip;]\" \/>\n<meta property=\"og:url\" content=\"https:\/\/cedom-madoc.be\/nl\/grootoosten-van-belgie\/\" \/>\n<meta property=\"og:site_name\" content=\"Cedom Madoc\" \/>\n<meta property=\"article:modified_time\" content=\"2024-02-13T13:48:46+00:00\" \/>\n<meta property=\"og:image\" content=\"https:\/\/cedom-madoc.be\/wp-content\/uploads\/2024\/01\/04-12-2023-15-2000.jpg\" \/>\n\t<meta property=\"og:image:width\" content=\"2000\" \/>\n\t<meta property=\"og:image:height\" content=\"1333\" \/>\n\t<meta property=\"og:image:type\" content=\"image\/jpeg\" \/>\n<meta name=\"twitter:card\" content=\"summary_large_image\" \/>\n<meta name=\"twitter:label1\" content=\"Geschatte leestijd\" \/>\n\t<meta name=\"twitter:data1\" content=\"2 minuten\" \/>\n<script type=\"application\/ld+json\" class=\"yoast-schema-graph\">{\"@context\":\"https:\/\/schema.org\",\"@graph\":[{\"@type\":\"WebPage\",\"@id\":\"https:\/\/cedom-madoc.be\/nl\/grootoosten-van-belgie\/\",\"url\":\"https:\/\/cedom-madoc.be\/nl\/grootoosten-van-belgie\/\",\"name\":\"Grootoosten van Belgi\u00eb - Cedom Madoc\",\"isPartOf\":{\"@id\":\"https:\/\/cedom-madoc.be\/nl\/#website\"},\"primaryImageOfPage\":{\"@id\":\"https:\/\/cedom-madoc.be\/nl\/grootoosten-van-belgie\/#primaryimage\"},\"image\":{\"@id\":\"https:\/\/cedom-madoc.be\/nl\/grootoosten-van-belgie\/#primaryimage\"},\"thumbnailUrl\":\"https:\/\/cedom-madoc.be\/wp-content\/uploads\/2024\/01\/04-12-2023-15-2000.jpg\",\"datePublished\":\"2024-01-12T14:24:10+00:00\",\"dateModified\":\"2024-02-13T13:48:46+00:00\",\"breadcrumb\":{\"@id\":\"https:\/\/cedom-madoc.be\/nl\/grootoosten-van-belgie\/#breadcrumb\"},\"inLanguage\":\"nl-NL\",\"potentialAction\":[{\"@type\":\"ReadAction\",\"target\":[\"https:\/\/cedom-madoc.be\/nl\/grootoosten-van-belgie\/\"]}]},{\"@type\":\"ImageObject\",\"inLanguage\":\"nl-NL\",\"@id\":\"https:\/\/cedom-madoc.be\/nl\/grootoosten-van-belgie\/#primaryimage\",\"url\":\"https:\/\/cedom-madoc.be\/wp-content\/uploads\/2024\/01\/04-12-2023-15-2000.jpg\",\"contentUrl\":\"https:\/\/cedom-madoc.be\/wp-content\/uploads\/2024\/01\/04-12-2023-15-2000.jpg\",\"width\":2000,\"height\":1333},{\"@type\":\"BreadcrumbList\",\"@id\":\"https:\/\/cedom-madoc.be\/nl\/grootoosten-van-belgie\/#breadcrumb\",\"itemListElement\":[{\"@type\":\"ListItem\",\"position\":1,\"name\":\"Cedom-Madoc\",\"item\":\"https:\/\/cedom-madoc.be\/nl\/\"},{\"@type\":\"ListItem\",\"position\":2,\"name\":\"Grootoosten van Belgi\u00eb\"}]},{\"@type\":\"WebSite\",\"@id\":\"https:\/\/cedom-madoc.be\/nl\/#website\",\"url\":\"https:\/\/cedom-madoc.be\/nl\/\",\"name\":\"Cedom Madoc\",\"description\":\"\",\"publisher\":{\"@id\":\"https:\/\/cedom-madoc.be\/nl\/#organization\"},\"potentialAction\":[{\"@type\":\"SearchAction\",\"target\":{\"@type\":\"EntryPoint\",\"urlTemplate\":\"https:\/\/cedom-madoc.be\/nl\/?s={search_term_string}\"},\"query-input\":{\"@type\":\"PropertyValueSpecification\",\"valueRequired\":true,\"valueName\":\"search_term_string\"}}],\"inLanguage\":\"nl-NL\"},{\"@type\":\"Organization\",\"@id\":\"https:\/\/cedom-madoc.be\/nl\/#organization\",\"name\":\"Cedom Madoc\",\"url\":\"https:\/\/cedom-madoc.be\/nl\/\",\"logo\":{\"@type\":\"ImageObject\",\"inLanguage\":\"nl-NL\",\"@id\":\"https:\/\/cedom-madoc.be\/nl\/#\/schema\/logo\/image\/\",\"url\":\"https:\/\/cedom-madoc.be\/wp-content\/uploads\/2024\/01\/logo-cedom-text-nb.svg\",\"contentUrl\":\"https:\/\/cedom-madoc.be\/wp-content\/uploads\/2024\/01\/logo-cedom-text-nb.svg\",\"caption\":\"Cedom Madoc\"},\"image\":{\"@id\":\"https:\/\/cedom-madoc.be\/nl\/#\/schema\/logo\/image\/\"}}]}<\/script>\n<!-- \/ Yoast SEO plugin. -->","yoast_head_json":{"title":"Grootoosten van Belgi\u00eb - Cedom Madoc","robots":{"index":"index","follow":"follow","max-snippet":"max-snippet:-1","max-image-preview":"max-image-preview:large","max-video-preview":"max-video-preview:-1"},"canonical":"https:\/\/cedom-madoc.be\/nl\/grootoosten-van-belgie\/","og_locale":"nl_NL","og_type":"article","og_title":"Grootoosten van Belgi\u00eb - Cedom Madoc","og_description":"Het Grootoosten van Belgi\u00eb werd gesticht in 1833. Een jaar later, op 20 november 1834 werd vanuit het Grootoosten van Belgi\u00eb de Universit\u00e9 Libre de Bruxelles opgericht als reactie op de oprichting te Mechelen van een katholieke universiteit. De architect van dit project was Pierre-Theodore Verhaegen. Het Grootoosten van Belgi\u00eb voerde een meer anticlericale koers [&hellip;]","og_url":"https:\/\/cedom-madoc.be\/nl\/grootoosten-van-belgie\/","og_site_name":"Cedom Madoc","article_modified_time":"2024-02-13T13:48:46+00:00","og_image":[{"width":2000,"height":1333,"url":"https:\/\/cedom-madoc.be\/wp-content\/uploads\/2024\/01\/04-12-2023-15-2000.jpg","type":"image\/jpeg"}],"twitter_card":"summary_large_image","twitter_misc":{"Geschatte leestijd":"2 minuten"},"schema":{"@context":"https:\/\/schema.org","@graph":[{"@type":"WebPage","@id":"https:\/\/cedom-madoc.be\/nl\/grootoosten-van-belgie\/","url":"https:\/\/cedom-madoc.be\/nl\/grootoosten-van-belgie\/","name":"Grootoosten van Belgi\u00eb - Cedom Madoc","isPartOf":{"@id":"https:\/\/cedom-madoc.be\/nl\/#website"},"primaryImageOfPage":{"@id":"https:\/\/cedom-madoc.be\/nl\/grootoosten-van-belgie\/#primaryimage"},"image":{"@id":"https:\/\/cedom-madoc.be\/nl\/grootoosten-van-belgie\/#primaryimage"},"thumbnailUrl":"https:\/\/cedom-madoc.be\/wp-content\/uploads\/2024\/01\/04-12-2023-15-2000.jpg","datePublished":"2024-01-12T14:24:10+00:00","dateModified":"2024-02-13T13:48:46+00:00","breadcrumb":{"@id":"https:\/\/cedom-madoc.be\/nl\/grootoosten-van-belgie\/#breadcrumb"},"inLanguage":"nl-NL","potentialAction":[{"@type":"ReadAction","target":["https:\/\/cedom-madoc.be\/nl\/grootoosten-van-belgie\/"]}]},{"@type":"ImageObject","inLanguage":"nl-NL","@id":"https:\/\/cedom-madoc.be\/nl\/grootoosten-van-belgie\/#primaryimage","url":"https:\/\/cedom-madoc.be\/wp-content\/uploads\/2024\/01\/04-12-2023-15-2000.jpg","contentUrl":"https:\/\/cedom-madoc.be\/wp-content\/uploads\/2024\/01\/04-12-2023-15-2000.jpg","width":2000,"height":1333},{"@type":"BreadcrumbList","@id":"https:\/\/cedom-madoc.be\/nl\/grootoosten-van-belgie\/#breadcrumb","itemListElement":[{"@type":"ListItem","position":1,"name":"Cedom-Madoc","item":"https:\/\/cedom-madoc.be\/nl\/"},{"@type":"ListItem","position":2,"name":"Grootoosten van Belgi\u00eb"}]},{"@type":"WebSite","@id":"https:\/\/cedom-madoc.be\/nl\/#website","url":"https:\/\/cedom-madoc.be\/nl\/","name":"Cedom Madoc","description":"","publisher":{"@id":"https:\/\/cedom-madoc.be\/nl\/#organization"},"potentialAction":[{"@type":"SearchAction","target":{"@type":"EntryPoint","urlTemplate":"https:\/\/cedom-madoc.be\/nl\/?s={search_term_string}"},"query-input":{"@type":"PropertyValueSpecification","valueRequired":true,"valueName":"search_term_string"}}],"inLanguage":"nl-NL"},{"@type":"Organization","@id":"https:\/\/cedom-madoc.be\/nl\/#organization","name":"Cedom Madoc","url":"https:\/\/cedom-madoc.be\/nl\/","logo":{"@type":"ImageObject","inLanguage":"nl-NL","@id":"https:\/\/cedom-madoc.be\/nl\/#\/schema\/logo\/image\/","url":"https:\/\/cedom-madoc.be\/wp-content\/uploads\/2024\/01\/logo-cedom-text-nb.svg","contentUrl":"https:\/\/cedom-madoc.be\/wp-content\/uploads\/2024\/01\/logo-cedom-text-nb.svg","caption":"Cedom Madoc"},"image":{"@id":"https:\/\/cedom-madoc.be\/nl\/#\/schema\/logo\/image\/"}}]}},"_links":{"self":[{"href":"https:\/\/cedom-madoc.be\/nl\/wp-json\/wp\/v2\/pages\/230"}],"collection":[{"href":"https:\/\/cedom-madoc.be\/nl\/wp-json\/wp\/v2\/pages"}],"about":[{"href":"https:\/\/cedom-madoc.be\/nl\/wp-json\/wp\/v2\/types\/page"}],"author":[{"embeddable":true,"href":"https:\/\/cedom-madoc.be\/nl\/wp-json\/wp\/v2\/users\/1"}],"replies":[{"embeddable":true,"href":"https:\/\/cedom-madoc.be\/nl\/wp-json\/wp\/v2\/comments?post=230"}],"version-history":[{"count":11,"href":"https:\/\/cedom-madoc.be\/nl\/wp-json\/wp\/v2\/pages\/230\/revisions"}],"predecessor-version":[{"id":760,"href":"https:\/\/cedom-madoc.be\/nl\/wp-json\/wp\/v2\/pages\/230\/revisions\/760"}],"wp:featuredmedia":[{"embeddable":true,"href":"https:\/\/cedom-madoc.be\/nl\/wp-json\/wp\/v2\/media\/167"}],"wp:attachment":[{"href":"https:\/\/cedom-madoc.be\/nl\/wp-json\/wp\/v2\/media?parent=230"}],"curies":[{"name":"wp","href":"https:\/\/api.w.org\/{rel}","templated":true}]}}